{"id":8249,"date":"2024-02-09T08:56:30","date_gmt":"2024-02-09T08:56:30","guid":{"rendered":"https:\/\/staging.mcm-group.com\/?page_id=8249"},"modified":"2025-02-19T10:27:26","modified_gmt":"2025-02-19T10:27:26","slug":"suite-per-la-gestione-della-produzione","status":"publish","type":"page","link":"https:\/\/staging.mcm-group.com\/it\/prodotti\/suite-per-la-gestione-della-produzione\/","title":{"rendered":"Suite per la gestione della produzione"},"content":{"rendered":"\t\t<div data-elementor-type=\"wp-page\" data-elementor-id=\"8249\" class=\"elementor elementor-8249\" data-elementor-post-type=\"page\">\n\t\t\t\t\t\t<section class=\"elementor-section elementor-top-section elementor-element elementor-element-f73977c elementor-section-height-min-height elementor-section-boxed elementor-section-height-default elementor-section-items-middle\" data-id=\"f73977c\" data-element_type=\"section\" data-e-type=\"section\" data-settings=\"{&quot;background_background&quot;:&quot;classic&quot;}\">\n\t\t\t\t\t\t\t<div class=\"elementor-background-overlay\"><\/div>\n\t\t\t\t\t\t\t<div class=\"elementor-container elementor-column-gap-default\">\n\t\t\t\t\t<div class=\"elementor-column elementor-col-100 elementor-top-column elementor-element elementor-element-4b75968b\" data-id=\"4b75968b\" data-element_type=\"column\" data-e-type=\"column\">\n\t\t\t<div class=\"elementor-widget-wrap\">\n\t\t\t\t\t\t\t<\/div>\n\t\t<\/div>\n\t\t\t\t\t<\/div>\n\t\t<\/section>\n\t\t\t\t<section class=\"elementor-section elementor-top-section elementor-element elementor-element-630111f3 elementor-section-height-min-height elementor-section-items-stretch elementor-section-boxed elementor-section-height-default\" data-id=\"630111f3\" data-element_type=\"section\" data-e-type=\"section\">\n\t\t\t\t\t\t<div class=\"elementor-container elementor-column-gap-default\">\n\t\t\t\t\t<div class=\"elementor-column elementor-col-100 elementor-top-column elementor-element elementor-element-d248418\" data-id=\"d248418\" data-element_type=\"column\" data-e-type=\"column\" data-settings=\"{&quot;background_background&quot;:&quot;classic&quot;}\">\n\t\t\t<div class=\"elementor-widget-wrap elementor-element-populated\">\n\t\t\t\t\t\t<div class=\"elementor-element elementor-element-4126cec1 elementor-widget elementor-widget-heading\" data-id=\"4126cec1\" data-element_type=\"widget\" data-e-type=\"widget\" data-widget_type=\"heading.default\">\n\t\t\t\t<div class=\"elementor-widget-container\">\n\t\t\t\t\t<h1 class=\"elementor-heading-title elementor-size-default\">software di gestione<\/h1>\t\t\t\t<\/div>\n\t\t\t\t<\/div>\n\t\t\t\t\t<\/div>\n\t\t<\/div>\n\t\t\t\t\t<\/div>\n\t\t<\/section>\n\t\t<div class=\"elementor-element elementor-element-69dd8a97 e-flex e-con-boxed e-con e-parent\" data-id=\"69dd8a97\" data-element_type=\"container\" data-e-type=\"container\">\n\t\t\t\t\t<div class=\"e-con-inner\">\n\t\t\t\t<div class=\"elementor-element elementor-element-2d1bf068 elementor-widget elementor-widget-spacer\" data-id=\"2d1bf068\" data-element_type=\"widget\" data-e-type=\"widget\" data-widget_type=\"spacer.default\">\n\t\t\t\t<div class=\"elementor-widget-container\">\n\t\t\t\t\t\t\t<div class=\"elementor-spacer\">\n\t\t\t<div class=\"elementor-spacer-inner\"><\/div>\n\t\t<\/div>\n\t\t\t\t\t\t<\/div>\n\t\t\t\t<\/div>\n\t\t\t\t\t<\/div>\n\t\t\t\t<\/div>\n\t\t<div class=\"elementor-element elementor-element-419be59 e-grid e-con-boxed e-con e-parent\" data-id=\"419be59\" data-element_type=\"container\" data-e-type=\"container\">\n\t\t\t\t\t<div class=\"e-con-inner\">\n\t\t\t\t<div class=\"elementor-element elementor-element-0d8df57 elementor-widget elementor-widget-image\" data-id=\"0d8df57\" data-element_type=\"widget\" data-e-type=\"widget\" data-widget_type=\"image.default\">\n\t\t\t\t<div class=\"elementor-widget-container\">\n\t\t\t\t\t\t\t\t\t\t\t\t\t\t\t<img fetchpriority=\"high\" decoding=\"async\" width=\"800\" height=\"265\" src=\"https:\/\/staging.mcm-group.com\/wp-content\/uploads\/2024\/05\/MCM_JFMX_PNG_RGB_FONDO-TRASPARENTE-1-1024x339.webp\" class=\"attachment-large size-large wp-image-12578\" alt=\"\" srcset=\"https:\/\/staging.mcm-group.com\/wp-content\/uploads\/2024\/05\/MCM_JFMX_PNG_RGB_FONDO-TRASPARENTE-1-1024x339.webp 1024w, https:\/\/staging.mcm-group.com\/wp-content\/uploads\/2024\/05\/MCM_JFMX_PNG_RGB_FONDO-TRASPARENTE-1-300x99.webp 300w, https:\/\/staging.mcm-group.com\/wp-content\/uploads\/2024\/05\/MCM_JFMX_PNG_RGB_FONDO-TRASPARENTE-1-768x254.webp 768w, https:\/\/staging.mcm-group.com\/wp-content\/uploads\/2024\/05\/MCM_JFMX_PNG_RGB_FONDO-TRASPARENTE-1-1536x508.webp 1536w, https:\/\/staging.mcm-group.com\/wp-content\/uploads\/2024\/05\/MCM_JFMX_PNG_RGB_FONDO-TRASPARENTE-1.webp 1907w\" sizes=\"(max-width: 800px) 100vw, 800px\" \/>\t\t\t\t\t\t\t\t\t\t\t\t\t\t\t<\/div>\n\t\t\t\t<\/div>\n\t\t\t\t<div class=\"elementor-element elementor-element-2c646e4 elementor-widget elementor-widget-spacer\" data-id=\"2c646e4\" data-element_type=\"widget\" data-e-type=\"widget\" data-widget_type=\"spacer.default\">\n\t\t\t\t<div class=\"elementor-widget-container\">\n\t\t\t\t\t\t\t<div class=\"elementor-spacer\">\n\t\t\t<div class=\"elementor-spacer-inner\"><\/div>\n\t\t<\/div>\n\t\t\t\t\t\t<\/div>\n\t\t\t\t<\/div>\n\t\t\t\t<div class=\"elementor-element elementor-element-e9f145b elementor-widget elementor-widget-image\" data-id=\"e9f145b\" data-element_type=\"widget\" data-e-type=\"widget\" data-widget_type=\"image.default\">\n\t\t\t\t<div class=\"elementor-widget-container\">\n\t\t\t\t\t\t\t\t\t\t\t\t\t\t\t<img decoding=\"async\" width=\"800\" height=\"263\" src=\"https:\/\/staging.mcm-group.com\/wp-content\/uploads\/2024\/05\/MCM_JFRX_PNG_RGB_FONDO-TRASPARENTE-1024x337.webp\" class=\"attachment-large size-large wp-image-12576\" alt=\"\" srcset=\"https:\/\/staging.mcm-group.com\/wp-content\/uploads\/2024\/05\/MCM_JFRX_PNG_RGB_FONDO-TRASPARENTE-1024x337.webp 1024w, https:\/\/staging.mcm-group.com\/wp-content\/uploads\/2024\/05\/MCM_JFRX_PNG_RGB_FONDO-TRASPARENTE-300x99.webp 300w, https:\/\/staging.mcm-group.com\/wp-content\/uploads\/2024\/05\/MCM_JFRX_PNG_RGB_FONDO-TRASPARENTE-768x253.webp 768w, https:\/\/staging.mcm-group.com\/wp-content\/uploads\/2024\/05\/MCM_JFRX_PNG_RGB_FONDO-TRASPARENTE-1536x506.webp 1536w, https:\/\/staging.mcm-group.com\/wp-content\/uploads\/2024\/05\/MCM_JFRX_PNG_RGB_FONDO-TRASPARENTE.webp 1908w\" sizes=\"(max-width: 800px) 100vw, 800px\" \/>\t\t\t\t\t\t\t\t\t\t\t\t\t\t\t<\/div>\n\t\t\t\t<\/div>\n\t\t\t\t\t<\/div>\n\t\t\t\t<\/div>\n\t\t<div class=\"elementor-element elementor-element-210c8d52 e-con-full e-flex e-con e-parent\" data-id=\"210c8d52\" data-element_type=\"container\" data-e-type=\"container\">\n\t\t<div class=\"elementor-element elementor-element-15fbcb34 e-flex e-con-boxed e-con e-child\" data-id=\"15fbcb34\" data-element_type=\"container\" data-e-type=\"container\">\n\t\t\t\t\t<div class=\"e-con-inner\">\n\t\t\t\t<div class=\"elementor-element elementor-element-7c1b3fc3 elementor-widget elementor-widget-spacer\" data-id=\"7c1b3fc3\" data-element_type=\"widget\" data-e-type=\"widget\" data-widget_type=\"spacer.default\">\n\t\t\t\t<div class=\"elementor-widget-container\">\n\t\t\t\t\t\t\t<div class=\"elementor-spacer\">\n\t\t\t<div class=\"elementor-spacer-inner\"><\/div>\n\t\t<\/div>\n\t\t\t\t\t\t<\/div>\n\t\t\t\t<\/div>\n\t\t\t\t<div class=\"elementor-element elementor-element-0fa2bb3 elementor-widget elementor-widget-heading\" data-id=\"0fa2bb3\" data-element_type=\"widget\" data-e-type=\"widget\" data-widget_type=\"heading.default\">\n\t\t\t\t<div class=\"elementor-widget-container\">\n\t\t\t\t\t<h4 class=\"elementor-heading-title elementor-size-default\">SUITE PER LA GESTIONE DELLA PRODUZIONE<\/h4>\t\t\t\t<\/div>\n\t\t\t\t<\/div>\n\t\t\t\t\t<\/div>\n\t\t\t\t<\/div>\n\t\t\t\t<\/div>\n\t\t<div class=\"elementor-element elementor-element-a5805df e-flex e-con-boxed e-con e-parent\" data-id=\"a5805df\" data-element_type=\"container\" data-e-type=\"container\">\n\t\t\t\t\t<div class=\"e-con-inner\">\n\t\t\t\t<div class=\"elementor-element elementor-element-67b9a87 elementor-widget elementor-widget-spacer\" data-id=\"67b9a87\" data-element_type=\"widget\" data-e-type=\"widget\" data-widget_type=\"spacer.default\">\n\t\t\t\t<div class=\"elementor-widget-container\">\n\t\t\t\t\t\t\t<div class=\"elementor-spacer\">\n\t\t\t<div class=\"elementor-spacer-inner\"><\/div>\n\t\t<\/div>\n\t\t\t\t\t\t<\/div>\n\t\t\t\t<\/div>\n\t\t\t\t\t<\/div>\n\t\t\t\t<\/div>\n\t\t<div class=\"elementor-element elementor-element-1d86a926 e-flex e-con-boxed e-con e-parent\" data-id=\"1d86a926\" data-element_type=\"container\" data-e-type=\"container\">\n\t\t\t\t\t<div class=\"e-con-inner\">\n\t\t<div class=\"elementor-element elementor-element-6ec08616 e-con-full e-flex e-con e-child\" data-id=\"6ec08616\" data-element_type=\"container\" data-e-type=\"container\" data-settings=\"{&quot;background_background&quot;:&quot;classic&quot;}\">\n\t\t\t\t<div class=\"elementor-element elementor-element-7c427ad elementor-widget__width-initial elementor-widget-mobile__width-auto elementor-hidden-desktop elementor-widget elementor-widget-image\" data-id=\"7c427ad\" data-element_type=\"widget\" data-e-type=\"widget\" data-widget_type=\"image.default\">\n\t\t\t\t<div class=\"elementor-widget-container\">\n\t\t\t\t\t\t\t\t\t\t\t\t\t\t\t<img decoding=\"async\" src=\"\/wp-content\/uploads\/2024\/02\/21.webp\" title=\"\" alt=\"\" loading=\"lazy\" \/>\t\t\t\t\t\t\t\t\t\t\t\t\t\t\t<\/div>\n\t\t\t\t<\/div>\n\t\t\t\t<div class=\"elementor-element elementor-element-3d458a96 elementor-widget elementor-widget-text-editor\" data-id=\"3d458a96\" data-element_type=\"widget\" data-e-type=\"widget\" data-widget_type=\"text-editor.default\">\n\t\t\t\t<div class=\"elementor-widget-container\">\n\t\t\t\t\t\t\t\t\t<p><strong>jFMX: software esclusivo per la supervisione della produzione<\/strong><\/p><p><strong>MCE<\/strong> (<span style=\"color: #2ab0ff;\"><strong><a style=\"color: #2ab0ff;\" href=\"https:\/\/www.mcm-group.com\/it\/mce\/\">website<\/a><\/strong><span style=\"color: #000000;\">)<\/span><\/span>, azienda informatica controllata da MCM, realizza software per la supervisione di sistemi di automazione, servizi a supporto dei processi di lavorazione e integrazione dei mezzi di produzione.<\/p><p><strong>MCM<\/strong> fin dalla sua fondazione ha riconosciuto il ruolo delle tecnologie dell\u2019informazione quale elemento sostanziale della propria offerta, con i vantaggi garantiti dall\u2019integrazione sinergica tra impianti di produzione e software di supervisione. A questo scopo \u00e8 stata creata MCE.<\/p>\t\t\t\t\t\t\t\t<\/div>\n\t\t\t\t<\/div>\n\t\t\t\t<\/div>\n\t\t<div class=\"elementor-element elementor-element-6de237c1 e-con-full elementor-hidden-tablet elementor-hidden-mobile e-flex e-con e-child\" data-id=\"6de237c1\" data-element_type=\"container\" data-e-type=\"container\" data-settings=\"{&quot;background_background&quot;:&quot;classic&quot;}\">\n\t\t\t\t<\/div>\n\t\t\t\t\t<\/div>\n\t\t\t\t<\/div>\n\t\t<div class=\"elementor-element elementor-element-6cff05af e-flex e-con-boxed e-con e-parent\" data-id=\"6cff05af\" data-element_type=\"container\" data-e-type=\"container\">\n\t\t\t\t\t<div class=\"e-con-inner\">\n\t\t\t\t<div class=\"elementor-element elementor-element-47ca5b72 elementor-widget elementor-widget-spacer\" data-id=\"47ca5b72\" data-element_type=\"widget\" data-e-type=\"widget\" data-widget_type=\"spacer.default\">\n\t\t\t\t<div class=\"elementor-widget-container\">\n\t\t\t\t\t\t\t<div class=\"elementor-spacer\">\n\t\t\t<div class=\"elementor-spacer-inner\"><\/div>\n\t\t<\/div>\n\t\t\t\t\t\t<\/div>\n\t\t\t\t<\/div>\n\t\t\t\t\t<\/div>\n\t\t\t\t<\/div>\n\t\t<div class=\"elementor-element elementor-element-176c31a e-flex e-con-boxed e-con e-parent\" data-id=\"176c31a\" data-element_type=\"container\" data-e-type=\"container\">\n\t\t\t\t\t<div class=\"e-con-inner\">\n\t\t<div class=\"elementor-element elementor-element-3631654 e-con-full e-flex e-con e-child\" data-id=\"3631654\" data-element_type=\"container\" data-e-type=\"container\" data-settings=\"{&quot;background_background&quot;:&quot;classic&quot;}\">\n\t\t\t\t<div class=\"elementor-element elementor-element-2cdbcc1 elementor-widget__width-initial elementor-widget-mobile__width-auto elementor-hidden-desktop elementor-widget elementor-widget-image\" data-id=\"2cdbcc1\" data-element_type=\"widget\" data-e-type=\"widget\" data-widget_type=\"image.default\">\n\t\t\t\t<div class=\"elementor-widget-container\">\n\t\t\t\t\t\t\t\t\t\t\t\t\t\t\t<img decoding=\"async\" src=\"\/wp-content\/uploads\/2024\/02\/Robotized-cell.webp\" title=\"\" alt=\"\" loading=\"lazy\" \/>\t\t\t\t\t\t\t\t\t\t\t\t\t\t\t<\/div>\n\t\t\t\t<\/div>\n\t\t\t\t<div class=\"elementor-element elementor-element-bce2774 elementor-widget elementor-widget-text-editor\" data-id=\"bce2774\" data-element_type=\"widget\" data-e-type=\"widget\" data-widget_type=\"text-editor.default\">\n\t\t\t\t<div class=\"elementor-widget-container\">\n\t\t\t\t\t\t\t\t\t<p><strong>MCE<\/strong> realizza una serie di servizi software organizzati nei moduli della suite <strong>jFMX<\/strong>. L\u2019architettura di <strong>jFMX<\/strong> \u00e8 strutturata su diversi livelli in grado di gestire crescenti complessit\u00e0 impiantistiche e informative. A livello base \u00e8 possibile l\u2019integrazione con il <strong>CN<\/strong> di macchine stand alone per il miglioramento della gestione e dell\u2019operativit\u00e0 delle stesse. Ad un grado superiore vi \u00e8 la possibilit\u00e0 di coordinare l\u2019automazione di sistemi <strong>FMS<\/strong> con pi\u00f9 macchine integrate (prevalentemente impianti MCM, ma non esclusivamente). Crescendo di livello vi \u00e8 poi la gestione di sistemi complessi, con macchine operanti con diverse tecnologie, fino a un possibile coordinamento e la gestione centralizzata di un\u2019intera officina.<\/p>\t\t\t\t\t\t\t\t<\/div>\n\t\t\t\t<\/div>\n\t\t\t\t<\/div>\n\t\t<div class=\"elementor-element elementor-element-536e7f8 e-con-full elementor-hidden-tablet elementor-hidden-mobile e-flex e-con e-child\" data-id=\"536e7f8\" data-element_type=\"container\" data-e-type=\"container\" data-settings=\"{&quot;background_background&quot;:&quot;classic&quot;}\">\n\t\t\t\t<\/div>\n\t\t\t\t\t<\/div>\n\t\t\t\t<\/div>\n\t\t<div class=\"elementor-element elementor-element-de28550 e-flex e-con-boxed e-con e-parent\" data-id=\"de28550\" data-element_type=\"container\" data-e-type=\"container\">\n\t\t\t\t\t<div class=\"e-con-inner\">\n\t\t\t\t<div class=\"elementor-element elementor-element-915e593 elementor-widget elementor-widget-spacer\" data-id=\"915e593\" data-element_type=\"widget\" data-e-type=\"widget\" data-widget_type=\"spacer.default\">\n\t\t\t\t<div class=\"elementor-widget-container\">\n\t\t\t\t\t\t\t<div class=\"elementor-spacer\">\n\t\t\t<div class=\"elementor-spacer-inner\"><\/div>\n\t\t<\/div>\n\t\t\t\t\t\t<\/div>\n\t\t\t\t<\/div>\n\t\t\t\t\t<\/div>\n\t\t\t\t<\/div>\n\t\t<div class=\"elementor-element elementor-element-023d317 e-flex e-con-boxed e-con e-parent\" data-id=\"023d317\" data-element_type=\"container\" data-e-type=\"container\">\n\t\t\t\t\t<div class=\"e-con-inner\">\n\t\t<div class=\"elementor-element elementor-element-f63471a e-con-full e-flex e-con e-child\" data-id=\"f63471a\" data-element_type=\"container\" data-e-type=\"container\" data-settings=\"{&quot;background_background&quot;:&quot;classic&quot;}\">\n\t\t\t\t<div class=\"elementor-element elementor-element-816c1ce elementor-widget__width-initial elementor-widget-mobile__width-auto elementor-hidden-desktop elementor-widget elementor-widget-image\" data-id=\"816c1ce\" data-element_type=\"widget\" data-e-type=\"widget\" data-widget_type=\"image.default\">\n\t\t\t\t<div class=\"elementor-widget-container\">\n\t\t\t\t\t\t\t\t\t\t\t\t\t\t\t<img decoding=\"async\" src=\"\/wp-content\/uploads\/2024\/02\/MG_5936.webp\" title=\"\" alt=\"\" loading=\"lazy\" \/>\t\t\t\t\t\t\t\t\t\t\t\t\t\t\t<\/div>\n\t\t\t\t<\/div>\n\t\t\t\t<div class=\"elementor-element elementor-element-c825fa6 elementor-widget elementor-widget-text-editor\" data-id=\"c825fa6\" data-element_type=\"widget\" data-e-type=\"widget\" data-widget_type=\"text-editor.default\">\n\t\t\t\t<div class=\"elementor-widget-container\">\n\t\t\t\t\t\t\t\t\t<p>Il software pu\u00f2 automatizzare i flussi informativi relativi ai dati tecnici, integrando i <strong>CNC<\/strong> con gli uffici di ingegneria di processo e gli strumenti <strong>CAD<\/strong>\/<strong>CAM<\/strong>, quelli relativi ai dati di produzione al fine di gestire tutte le risorse (macchine, utensili, pallet, attrezzature) in modo integrato con il sistema <strong>ERP<\/strong> aziendale.\u00a0Inoltre, <strong>jFMX<\/strong> abilita l\u2019integrazione dei flussi d\u2019informazione verso la tool room, i sistemi aziendali di controllo qualit\u00e0 e di gestione delle manutenzioni.<\/p><div class=\"box testo\"><p>Pianificazione della produzione, monitoraggio avanzato delle risorse produttive, gestione integrata delle informazioni associate al processo e al controllo della qualit\u00e0, sono i servizi disponibili e che offrono una dimensione strategica al <strong>controllo<\/strong> e alla <strong>gestione<\/strong> integrata degli impianti.<\/p><\/div>\t\t\t\t\t\t\t\t<\/div>\n\t\t\t\t<\/div>\n\t\t\t\t<\/div>\n\t\t<div class=\"elementor-element elementor-element-0cfba78 e-con-full elementor-hidden-tablet elementor-hidden-mobile e-flex e-con e-child\" data-id=\"0cfba78\" data-element_type=\"container\" data-e-type=\"container\" data-settings=\"{&quot;background_background&quot;:&quot;classic&quot;}\">\n\t\t\t\t<\/div>\n\t\t\t\t\t<\/div>\n\t\t\t\t<\/div>\n\t\t<div class=\"elementor-element elementor-element-8ee7675 e-flex e-con-boxed e-con e-parent\" data-id=\"8ee7675\" data-element_type=\"container\" data-e-type=\"container\">\n\t\t\t\t\t<div class=\"e-con-inner\">\n\t\t\t\t<div class=\"elementor-element elementor-element-2f238ad elementor-widget elementor-widget-spacer\" data-id=\"2f238ad\" data-element_type=\"widget\" data-e-type=\"widget\" data-widget_type=\"spacer.default\">\n\t\t\t\t<div class=\"elementor-widget-container\">\n\t\t\t\t\t\t\t<div class=\"elementor-spacer\">\n\t\t\t<div class=\"elementor-spacer-inner\"><\/div>\n\t\t<\/div>\n\t\t\t\t\t\t<\/div>\n\t\t\t\t<\/div>\n\t\t\t\t\t<\/div>\n\t\t\t\t<\/div>\n\t\t\t\t<\/div>\n\t\t","protected":false},"excerpt":{"rendered":"<p>software di gestione SUITE PER LA GESTIONE DELLA PRODUZIONE jFMX: software esclusivo per la supervisione della produzione MCE (website), azienda informatica controllata da MCM, realizza software per la supervisione di sistemi di automazione, servizi a supporto dei processi di lavorazione e integrazione dei mezzi di produzione. MCM fin dalla sua fondazione ha riconosciuto il ruolo [&hellip;]<\/p>\n","protected":false},"author":2,"featured_media":0,"parent":3319,"menu_order":0,"comment_status":"closed","ping_status":"closed","template":"","meta":{"footnotes":""},"class_list":["post-8249","page","type-page","status-publish","hentry"],"_links":{"self":[{"href":"https:\/\/staging.mcm-group.com\/it\/wp-json\/wp\/v2\/pages\/8249","targetHints":{"allow":["GET"]}}],"collection":[{"href":"https:\/\/staging.mcm-group.com\/it\/wp-json\/wp\/v2\/pages"}],"about":[{"href":"https:\/\/staging.mcm-group.com\/it\/wp-json\/wp\/v2\/types\/page"}],"author":[{"embeddable":true,"href":"https:\/\/staging.mcm-group.com\/it\/wp-json\/wp\/v2\/users\/2"}],"replies":[{"embeddable":true,"href":"https:\/\/staging.mcm-group.com\/it\/wp-json\/wp\/v2\/comments?post=8249"}],"version-history":[{"count":157,"href":"https:\/\/staging.mcm-group.com\/it\/wp-json\/wp\/v2\/pages\/8249\/revisions"}],"predecessor-version":[{"id":13218,"href":"https:\/\/staging.mcm-group.com\/it\/wp-json\/wp\/v2\/pages\/8249\/revisions\/13218"}],"up":[{"embeddable":true,"href":"https:\/\/staging.mcm-group.com\/it\/wp-json\/wp\/v2\/pages\/3319"}],"wp:attachment":[{"href":"https:\/\/staging.mcm-group.com\/it\/wp-json\/wp\/v2\/media?parent=8249"}],"curies":[{"name":"wp","href":"https:\/\/api.w.org\/{rel}","templated":true}]}}