{"id":6644,"date":"2024-01-17T14:15:01","date_gmt":"2024-01-17T14:15:01","guid":{"rendered":"https:\/\/staging.mcm-group.com\/?page_id=6644"},"modified":"2024-05-29T15:36:53","modified_gmt":"2024-05-29T15:36:53","slug":"jet-five","status":"publish","type":"page","link":"https:\/\/staging.mcm-group.com\/it\/jet-five\/","title":{"rendered":"Jet Five"},"content":{"rendered":"\t\t<div data-elementor-type=\"wp-page\" data-elementor-id=\"6644\" class=\"elementor elementor-6644\" data-elementor-post-type=\"page\">\n\t\t\t\t\t\t<section class=\"elementor-section elementor-top-section elementor-element elementor-element-7e15842c elementor-section-height-min-height elementor-section-boxed elementor-section-height-default elementor-section-items-middle\" data-id=\"7e15842c\" data-element_type=\"section\" data-e-type=\"section\" data-settings=\"{&quot;background_background&quot;:&quot;classic&quot;}\">\n\t\t\t\t\t\t\t<div class=\"elementor-background-overlay\"><\/div>\n\t\t\t\t\t\t\t<div class=\"elementor-container elementor-column-gap-default\">\n\t\t\t\t\t<div class=\"elementor-column elementor-col-100 elementor-top-column elementor-element elementor-element-63a8370d\" data-id=\"63a8370d\" data-element_type=\"column\" data-e-type=\"column\" data-settings=\"{&quot;background_background&quot;:&quot;classic&quot;}\">\n\t\t\t<div class=\"elementor-widget-wrap\">\n\t\t\t\t\t\t\t<\/div>\n\t\t<\/div>\n\t\t\t\t\t<\/div>\n\t\t<\/section>\n\t\t\t\t<section class=\"elementor-section elementor-top-section elementor-element elementor-element-606c3d03 elementor-section-height-min-height elementor-section-items-stretch elementor-section-boxed elementor-section-height-default\" data-id=\"606c3d03\" data-element_type=\"section\" data-e-type=\"section\">\n\t\t\t\t\t\t<div class=\"elementor-container elementor-column-gap-default\">\n\t\t\t\t\t<div class=\"elementor-column elementor-col-100 elementor-top-column elementor-element elementor-element-4ce6907c\" data-id=\"4ce6907c\" data-element_type=\"column\" data-e-type=\"column\" data-settings=\"{&quot;background_background&quot;:&quot;classic&quot;}\">\n\t\t\t<div class=\"elementor-widget-wrap elementor-element-populated\">\n\t\t\t\t\t\t<div class=\"elementor-element elementor-element-2857fae9 elementor-widget elementor-widget-heading\" data-id=\"2857fae9\" data-element_type=\"widget\" data-e-type=\"widget\" data-widget_type=\"heading.default\">\n\t\t\t\t<div class=\"elementor-widget-container\">\n\t\t\t\t\t<h1 class=\"elementor-heading-title elementor-size-default\">jet five<\/h1>\t\t\t\t<\/div>\n\t\t\t\t<\/div>\n\t\t\t\t\t<\/div>\n\t\t<\/div>\n\t\t\t\t\t<\/div>\n\t\t<\/section>\n\t\t<div class=\"elementor-element elementor-element-2449f7f1 e-flex e-con-boxed e-con e-parent\" data-id=\"2449f7f1\" data-element_type=\"container\" data-e-type=\"container\">\n\t\t\t\t\t<div class=\"e-con-inner\">\n\t\t\t\t<div class=\"elementor-element elementor-element-3fc9f842 elementor-widget elementor-widget-spacer\" data-id=\"3fc9f842\" data-element_type=\"widget\" data-e-type=\"widget\" data-widget_type=\"spacer.default\">\n\t\t\t\t<div class=\"elementor-widget-container\">\n\t\t\t\t\t\t\t<div class=\"elementor-spacer\">\n\t\t\t<div class=\"elementor-spacer-inner\"><\/div>\n\t\t<\/div>\n\t\t\t\t\t\t<\/div>\n\t\t\t\t<\/div>\n\t\t\t\t\t<\/div>\n\t\t\t\t<\/div>\n\t\t<div class=\"elementor-element elementor-element-6d3ea093 e-flex e-con-boxed e-con e-parent\" data-id=\"6d3ea093\" data-element_type=\"container\" data-e-type=\"container\">\n\t\t\t\t\t<div class=\"e-con-inner\">\n\t\t\t\t<div class=\"elementor-element elementor-element-42ee55de elementor-widget elementor-widget-heading\" data-id=\"42ee55de\" data-element_type=\"widget\" data-e-type=\"widget\" data-widget_type=\"heading.default\">\n\t\t\t\t<div class=\"elementor-widget-container\">\n\t\t\t\t\t<h2 class=\"elementor-heading-title elementor-size-default\">Il centro di lavoro orizzontale a 5 assi in fresatura a pi\u00f9 elevate prestazioni<\/h2>\t\t\t\t<\/div>\n\t\t\t\t<\/div>\n\t\t\t\t<div class=\"elementor-element elementor-element-7de50338 elementor-widget elementor-widget-text-editor\" data-id=\"7de50338\" data-element_type=\"widget\" data-e-type=\"widget\" data-widget_type=\"text-editor.default\">\n\t\t\t\t<div class=\"elementor-widget-container\">\n\t\t\t\t\t\t\t\t\t<p>La linea di centri di lavoro orizzontali JET FIVE \u00e8\u00a0<strong>la pi\u00f9 personalizzabile<\/strong>\u00a0tra tutte le linee MCM in termini di struttura, layout, prestazioni dinamiche e livello di automazione.<br \/>Un significativo esempio dell\u2019elevata versatilit\u00e0 e flessibilit\u00e0 di JET FIVE \u00e8 rappresentato dalla corsa dell\u2019asse X personalizzabile\u00a0<strong>a partire da 3.000 fino a 12.000 mm<\/strong>.<br \/>Altra peculiarit\u00e0 \u00e8 data dalle dimensioni dei pallet:\u00a0<strong>3.000 x 2.000 mm<\/strong>\u00a0oppure\u00a0<strong>6.000 x 2.000 mm<\/strong><\/p>\t\t\t\t\t\t\t\t<\/div>\n\t\t\t\t<\/div>\n\t\t\t\t<div class=\"elementor-element elementor-element-909ae14 elementor-align-left elementor-mobile-align-center elementor-widget elementor-widget-button\" data-id=\"909ae14\" data-element_type=\"widget\" data-e-type=\"widget\" data-widget_type=\"button.default\">\n\t\t\t\t<div class=\"elementor-widget-container\">\n\t\t\t\t\t\t\t\t\t<div class=\"elementor-button-wrapper\">\n\t\t\t\t\t<a class=\"elementor-button elementor-button-link elementor-size-md\" href=\"\/it\/contatti\/#mcm\">\n\t\t\t\t\t\t<span class=\"elementor-button-content-wrapper\">\n\t\t\t\t\t\t<span class=\"elementor-button-icon\">\n\t\t\t\t<svg aria-hidden=\"true\" class=\"e-font-icon-svg e-fas-arrow-right\" viewBox=\"0 0 448 512\" xmlns=\"http:\/\/www.w3.org\/2000\/svg\"><path d=\"M190.5 66.9l22.2-22.2c9.4-9.4 24.6-9.4 33.9 0L441 239c9.4 9.4 9.4 24.6 0 33.9L246.6 467.3c-9.4 9.4-24.6 9.4-33.9 0l-22.2-22.2c-9.5-9.5-9.3-25 .4-34.3L311.4 296H24c-13.3 0-24-10.7-24-24v-32c0-13.3 10.7-24 24-24h287.4L190.9 101.2c-9.8-9.3-10-24.8-.4-34.3z\"><\/path><\/svg>\t\t\t<\/span>\n\t\t\t\t\t\t\t\t\t<span class=\"elementor-button-text\">Richiedi una consulenza<\/span>\n\t\t\t\t\t<\/span>\n\t\t\t\t\t<\/a>\n\t\t\t\t<\/div>\n\t\t\t\t\t\t\t\t<\/div>\n\t\t\t\t<\/div>\n\t\t\t\t\t<\/div>\n\t\t\t\t<\/div>\n\t\t<div class=\"elementor-element elementor-element-774e0940 e-flex e-con-boxed e-con e-parent\" data-id=\"774e0940\" data-element_type=\"container\" data-e-type=\"container\">\n\t\t\t\t\t<div class=\"e-con-inner\">\n\t\t\t\t<div class=\"elementor-element elementor-element-4f9d6a97 elementor-widget elementor-widget-spacer\" data-id=\"4f9d6a97\" data-element_type=\"widget\" data-e-type=\"widget\" data-widget_type=\"spacer.default\">\n\t\t\t\t<div class=\"elementor-widget-container\">\n\t\t\t\t\t\t\t<div class=\"elementor-spacer\">\n\t\t\t<div class=\"elementor-spacer-inner\"><\/div>\n\t\t<\/div>\n\t\t\t\t\t\t<\/div>\n\t\t\t\t<\/div>\n\t\t\t\t\t<\/div>\n\t\t\t\t<\/div>\n\t\t<div class=\"elementor-element elementor-element-16524008 elementor-hidden-mobile e-flex e-con-boxed e-con e-parent\" data-id=\"16524008\" data-element_type=\"container\" data-e-type=\"container\" data-settings=\"{&quot;background_background&quot;:&quot;gradient&quot;}\">\n\t\t\t\t\t<div class=\"e-con-inner\">\n\t\t\t\t<div class=\"elementor-element elementor-element-2f021691 elementor-widget__width-inherit elementor-tabs-view-horizontal elementor-widget elementor-widget-tabs\" data-id=\"2f021691\" data-element_type=\"widget\" data-e-type=\"widget\" data-widget_type=\"tabs.default\">\n\t\t\t\t<div class=\"elementor-widget-container\">\n\t\t\t\t\t\t\t<div class=\"elementor-tabs\">\n\t\t\t<div class=\"elementor-tabs-wrapper\" role=\"tablist\" >\n\t\t\t\t\t\t\t\t\t<div id=\"elementor-tab-title-7881\" class=\"elementor-tab-title elementor-tab-desktop-title\" aria-selected=\"true\" data-tab=\"1\" role=\"tab\" tabindex=\"0\" aria-controls=\"elementor-tab-content-7881\" aria-expanded=\"false\">Dati tecnici<\/div>\n\t\t\t\t\t\t\t\t\t<div id=\"elementor-tab-title-7882\" class=\"elementor-tab-title elementor-tab-desktop-title\" aria-selected=\"false\" data-tab=\"2\" role=\"tab\" tabindex=\"-1\" aria-controls=\"elementor-tab-content-7882\" aria-expanded=\"false\">Media<\/div>\n\t\t\t\t\t\t\t\t\t<div id=\"elementor-tab-title-7883\" class=\"elementor-tab-title elementor-tab-desktop-title\" aria-selected=\"false\" data-tab=\"3\" role=\"tab\" tabindex=\"-1\" aria-controls=\"elementor-tab-content-7883\" aria-expanded=\"false\">Download<\/div>\n\t\t\t\t\t\t\t<\/div>\n\t\t\t<div class=\"elementor-tabs-content-wrapper\" role=\"tablist\" aria-orientation=\"vertical\">\n\t\t\t\t\t\t\t\t\t<div class=\"elementor-tab-title elementor-tab-mobile-title\" aria-selected=\"true\" data-tab=\"1\" role=\"tab\" tabindex=\"0\" aria-controls=\"elementor-tab-content-7881\" aria-expanded=\"false\">Dati tecnici<\/div>\n\t\t\t\t\t<div id=\"elementor-tab-content-7881\" class=\"elementor-tab-content elementor-clearfix\" data-tab=\"1\" role=\"tabpanel\" aria-labelledby=\"elementor-tab-title-7881\" tabindex=\"0\" hidden=\"false\"><table cellspacing=\"1px\" cellpadding=\"5px\"><thead><tr><th colspan=\"2\">\u00a0<\/th><th><div id=\"conversione\"><span class=\"imperiale\">metric |\u00a0<\/span><span class=\"metrico\">imperial<\/span><\/div><\/th><th>JET FIVE<\/th><\/tr><\/thead><tbody><tr><td colspan=\"3\"><b>Configurazione Assi<\/b><\/td><td>\u00a0<\/td><\/tr><tr><td colspan=\"3\"><b>Tecnologie di processo<\/b><\/td><td>Fresatura<\/td><\/tr><tr><td rowspan=\"4\"><b>Area di lavoro<\/b><\/td><td><i>Corsa asse X<\/i><\/td><td><span class=\"metrico\">mm |\u00a0<\/span><span class=\"imperiale\">in.<\/span><\/td><td><span class=\"metrico\">da 3.000 a 12.000 |\u00a0<\/span><span class=\"imperiale\">da 118.1 a 472.4<\/span><\/td><\/tr><tr><td><i>Corsa asse Y<\/i><\/td><td><span class=\"metrico\">mm |\u00a0<\/span><span class=\"imperiale\">in.<\/span><\/td><td><span class=\"metrico\">da 1.500 a 2.500 |\u00a0<\/span><span class=\"imperiale\">da 59.0 a 98.4<\/span><\/td><\/tr><tr><td><i>Corsa asse Z<\/i><\/td><td><span class=\"metrico\">mm |\u00a0<\/span><span class=\"imperiale\">in.<\/span><\/td><td><span class=\"metrico\">da 600 a 3.000 |\u00a0<\/span><span class=\"imperiale\">da 23.6 a 118.1<\/span><\/td><\/tr><tr><td><i>Avanzamento rapido X\/Y\/Z<\/i><\/td><td><span class=\"metrico\">m\/min |\u00a0<\/span><span class=\"imperiale\">ipm<\/span><\/td><td><span class=\"metrico\">40 \/ 70 (Linear Motors) |\u00a0<\/span><span class=\"imperiale\">1,574.8 \/ 2,755.9 (Linear Motors)<\/span><\/td><\/tr><tr><td rowspan=\"2\"><b>Pallet<\/b><\/td><td><i>Opzione 1<\/i><\/td><td><span class=\"metrico\">mm |\u00a0<\/span><span class=\"imperiale\">in.<\/span><\/td><td><span class=\"metrico\">3.000 x 2.000 |\u00a0<\/span><span class=\"imperiale\">118.1 x 78.7<\/span><\/td><\/tr><tr><td><i>Opzione 2 <sup>2<\/sup><\/i><\/td><td><span class=\"metrico\">mm |\u00a0<\/span><span class=\"imperiale\">in.<\/span><\/td><td><span class=\"metrico\">6.000 x 2.000 |\u00a0<\/span><span class=\"imperiale\">236.2 x 78.7<\/span><\/td><\/tr><tr><td><b>Tavola girevole (asse B)<\/b><\/td><td><i>Velocit\u00e0 massima rotazione<\/i><\/td><td>min-1<\/td><td>&#8211;<\/td><\/tr><tr><td rowspan=\"2\"><b>5\u00b0asse (asse A)<\/b><\/td><td><i>Tipo<\/i><\/td><td>\u00a0<\/td><td>Testa birotativa<\/td><\/tr><tr><td><i>Angolo di basculamento<\/i><\/td><td>gradi<\/td><td>\u00b1110 (A) \u00b1360 (C)<\/td><\/tr><tr><td rowspan=\"2\"><b>Mandrino<\/b><\/td><td><i>Attacco utensile<\/i><\/td><td>\u00a0<\/td><td>HSK \/ ISO<\/td><\/tr><tr><td><i>Velocit\u00e0 di rotazione<\/i><\/td><td>min-1<\/td><td>da 4.000 a 30.000<\/td><\/tr><tr><td><b>Magazzino utensili<\/b><\/td><td><i>Capacit\u00e0 (fino a)1<\/i><\/td><td>No.<\/td><td>199 (450)<\/td><\/tr><tr><td colspan=\"3\"><b>Soluzioni disponibili<\/b><\/td><td>\u00a0<\/td><\/tr><\/tbody><\/table><\/div>\n\t\t\t\t\t\t\t\t\t<div class=\"elementor-tab-title elementor-tab-mobile-title\" aria-selected=\"false\" data-tab=\"2\" role=\"tab\" tabindex=\"-1\" aria-controls=\"elementor-tab-content-7882\" aria-expanded=\"false\">Media<\/div>\n\t\t\t\t\t<div id=\"elementor-tab-content-7882\" class=\"elementor-tab-content elementor-clearfix\" data-tab=\"2\" role=\"tabpanel\" aria-labelledby=\"elementor-tab-title-7882\" tabindex=\"0\" hidden=\"hidden\"><iframe title=\"YouTube video player\" src=\"https:\/\/www.youtube.com\/embed\/ZwV92Cpkjb0?rel=0\" width=\"100%\" height=\"720\" frameborder=\"0\" allowfullscreen=\"allowfullscreen\"><\/iframe>\n\n<iframe title=\"YouTube video player\" src=\"https:\/\/www.youtube.com\/embed\/j1p7rURgLGw?rel=0\" width=\"100%\" height=\"720\" frameborder=\"0\" allowfullscreen=\"allowfullscreen\"><\/iframe><\/div>\n\t\t\t\t\t\t\t\t\t<div class=\"elementor-tab-title elementor-tab-mobile-title\" aria-selected=\"false\" data-tab=\"3\" role=\"tab\" tabindex=\"-1\" aria-controls=\"elementor-tab-content-7883\" aria-expanded=\"false\">Download<\/div>\n\t\t\t\t\t<div id=\"elementor-tab-content-7883\" class=\"elementor-tab-content elementor-clearfix\" data-tab=\"3\" role=\"tabpanel\" aria-labelledby=\"elementor-tab-title-7883\" tabindex=\"0\" hidden=\"hidden\"><a style=\"color: #755c96; text-decoration: underline;\" href=\"\/it\/form-download-jet-five\/\">JET FIVE.pdf<\/a>\n<\/div>\n\t\t\t\t\t\t\t<\/div>\n\t\t<\/div>\n\t\t\t\t\t\t<\/div>\n\t\t\t\t<\/div>\n\t\t\t\t\t<\/div>\n\t\t\t\t<\/div>\n\t\t<div class=\"elementor-element elementor-element-0ca1064 elementor-hidden-desktop elementor-hidden-tablet e-flex e-con-boxed e-con e-parent\" data-id=\"0ca1064\" data-element_type=\"container\" data-e-type=\"container\" data-settings=\"{&quot;background_background&quot;:&quot;gradient&quot;}\">\n\t\t\t\t\t<div class=\"e-con-inner\">\n\t\t\t\t<div class=\"elementor-element elementor-element-023d4c7 elementor-widget__width-inherit elementor-tabs-view-horizontal elementor-widget elementor-widget-tabs\" data-id=\"023d4c7\" data-element_type=\"widget\" data-e-type=\"widget\" data-widget_type=\"tabs.default\">\n\t\t\t\t<div class=\"elementor-widget-container\">\n\t\t\t\t\t\t\t<div class=\"elementor-tabs\">\n\t\t\t<div class=\"elementor-tabs-wrapper\" role=\"tablist\" >\n\t\t\t\t\t\t\t\t\t<div id=\"elementor-tab-title-2341\" class=\"elementor-tab-title elementor-tab-desktop-title\" aria-selected=\"true\" data-tab=\"1\" role=\"tab\" tabindex=\"0\" aria-controls=\"elementor-tab-content-2341\" aria-expanded=\"false\">Dati tecnici<\/div>\n\t\t\t\t\t\t\t\t\t<div id=\"elementor-tab-title-2342\" class=\"elementor-tab-title elementor-tab-desktop-title\" aria-selected=\"false\" data-tab=\"2\" role=\"tab\" tabindex=\"-1\" aria-controls=\"elementor-tab-content-2342\" aria-expanded=\"false\">Media<\/div>\n\t\t\t\t\t\t\t<\/div>\n\t\t\t<div class=\"elementor-tabs-content-wrapper\" role=\"tablist\" aria-orientation=\"vertical\">\n\t\t\t\t\t\t\t\t\t<div class=\"elementor-tab-title elementor-tab-mobile-title\" aria-selected=\"true\" data-tab=\"1\" role=\"tab\" tabindex=\"0\" aria-controls=\"elementor-tab-content-2341\" aria-expanded=\"false\">Dati tecnici<\/div>\n\t\t\t\t\t<div id=\"elementor-tab-content-2341\" class=\"elementor-tab-content elementor-clearfix\" data-tab=\"1\" role=\"tabpanel\" aria-labelledby=\"elementor-tab-title-2341\" tabindex=\"0\" hidden=\"false\"><p><a class=\"pdf-dati-tecnici-mobile\" href=\"\/wp-content\/uploads\/2024\/01\/JET-FIVE.pdf\" target=\"_blank\" rel=\"noopener\">Jet Five.pdf<\/a><\/p><\/div>\n\t\t\t\t\t\t\t\t\t<div class=\"elementor-tab-title elementor-tab-mobile-title\" aria-selected=\"false\" data-tab=\"2\" role=\"tab\" tabindex=\"-1\" aria-controls=\"elementor-tab-content-2342\" aria-expanded=\"false\">Media<\/div>\n\t\t\t\t\t<div id=\"elementor-tab-content-2342\" class=\"elementor-tab-content elementor-clearfix\" data-tab=\"2\" role=\"tabpanel\" aria-labelledby=\"elementor-tab-title-2342\" tabindex=\"0\" hidden=\"hidden\"><iframe title=\"YouTube video player\" src=\"https:\/\/www.youtube.com\/embed\/ZwV92Cpkjb0?rel=0\" width=\"100%\" height=\"720\" frameborder=\"0\" allowfullscreen=\"allowfullscreen\"><\/iframe>\n\n<iframe title=\"YouTube video player\" src=\"https:\/\/www.youtube.com\/embed\/j1p7rURgLGw?rel=0\" width=\"100%\" height=\"720\" frameborder=\"0\" allowfullscreen=\"allowfullscreen\"><\/iframe><\/div>\n\t\t\t\t\t\t\t<\/div>\n\t\t<\/div>\n\t\t\t\t\t\t<\/div>\n\t\t\t\t<\/div>\n\t\t\t\t\t<\/div>\n\t\t\t\t<\/div>\n\t\t<div class=\"elementor-element elementor-element-147b461f e-flex e-con-boxed e-con e-parent\" data-id=\"147b461f\" data-element_type=\"container\" data-e-type=\"container\">\n\t\t\t\t\t<div class=\"e-con-inner\">\n\t\t\t\t<div class=\"elementor-element elementor-element-6ac80a8f elementor-widget elementor-widget-spacer\" data-id=\"6ac80a8f\" data-element_type=\"widget\" data-e-type=\"widget\" data-widget_type=\"spacer.default\">\n\t\t\t\t<div class=\"elementor-widget-container\">\n\t\t\t\t\t\t\t<div class=\"elementor-spacer\">\n\t\t\t<div class=\"elementor-spacer-inner\"><\/div>\n\t\t<\/div>\n\t\t\t\t\t\t<\/div>\n\t\t\t\t<\/div>\n\t\t\t\t\t<\/div>\n\t\t\t\t<\/div>\n\t\t\t\t<\/div>\n\t\t","protected":false},"excerpt":{"rendered":"<p>jet five Il centro di lavoro orizzontale a 5 assi in fresatura a pi\u00f9 elevate prestazioni La linea di centri di lavoro orizzontali JET FIVE \u00e8\u00a0la pi\u00f9 personalizzabile\u00a0tra tutte le linee MCM in termini di struttura, layout, prestazioni dinamiche e livello di automazione.Un significativo esempio dell\u2019elevata versatilit\u00e0 e flessibilit\u00e0 di JET FIVE \u00e8 rappresentato dalla [&hellip;]<\/p>\n","protected":false},"author":3,"featured_media":0,"parent":0,"menu_order":0,"comment_status":"closed","ping_status":"closed","template":"","meta":{"footnotes":""},"class_list":["post-6644","page","type-page","status-publish","hentry"],"_links":{"self":[{"href":"https:\/\/staging.mcm-group.com\/it\/wp-json\/wp\/v2\/pages\/6644","targetHints":{"allow":["GET"]}}],"collection":[{"href":"https:\/\/staging.mcm-group.com\/it\/wp-json\/wp\/v2\/pages"}],"about":[{"href":"https:\/\/staging.mcm-group.com\/it\/wp-json\/wp\/v2\/types\/page"}],"author":[{"embeddable":true,"href":"https:\/\/staging.mcm-group.com\/it\/wp-json\/wp\/v2\/users\/3"}],"replies":[{"embeddable":true,"href":"https:\/\/staging.mcm-group.com\/it\/wp-json\/wp\/v2\/comments?post=6644"}],"version-history":[{"count":91,"href":"https:\/\/staging.mcm-group.com\/it\/wp-json\/wp\/v2\/pages\/6644\/revisions"}],"predecessor-version":[{"id":13092,"href":"https:\/\/staging.mcm-group.com\/it\/wp-json\/wp\/v2\/pages\/6644\/revisions\/13092"}],"wp:attachment":[{"href":"https:\/\/staging.mcm-group.com\/it\/wp-json\/wp\/v2\/media?parent=6644"}],"curies":[{"name":"wp","href":"https:\/\/api.w.org\/{rel}","templated":true}]}}