{"id":6291,"date":"2024-01-17T08:40:06","date_gmt":"2024-01-17T08:40:06","guid":{"rendered":"https:\/\/staging.mcm-group.com\/?page_id=6291"},"modified":"2025-02-13T16:37:45","modified_gmt":"2025-02-13T16:37:45","slug":"tank-evo","status":"publish","type":"page","link":"https:\/\/staging.mcm-group.com\/it\/prodotti\/centri-di-lavoro-orizzontali\/tank-evo\/","title":{"rendered":"Tank EVO Overview"},"content":{"rendered":"\t\t<div data-elementor-type=\"wp-page\" data-elementor-id=\"6291\" class=\"elementor elementor-6291\" data-elementor-post-type=\"page\">\n\t\t\t\t\t\t<section class=\"elementor-section elementor-top-section elementor-element elementor-element-58756e8f elementor-section-height-min-height elementor-section-boxed elementor-section-height-default elementor-section-items-middle\" data-id=\"58756e8f\" data-element_type=\"section\" data-e-type=\"section\" data-settings=\"{&quot;background_background&quot;:&quot;video&quot;,&quot;background_video_link&quot;:&quot;https:\\\/\\\/www.youtube.com\\\/watch?v=n54hpuUHT2Y&quot;}\">\n\t\t\t\t\t\t\t\t<div class=\"elementor-background-video-container elementor-hidden-mobile\">\n\t\t\t\t\t\t\t\t\t\t\t\t\t<div class=\"elementor-background-video-embed\" role=\"presentation\"><\/div>\n\t\t\t\t\t\t\t\t\t\t\t\t<\/div>\n\t\t\t\t\t\t\t\t\t<div class=\"elementor-background-overlay\"><\/div>\n\t\t\t\t\t\t\t<div class=\"elementor-container elementor-column-gap-default\">\n\t\t\t\t\t<div class=\"elementor-column elementor-col-100 elementor-top-column elementor-element elementor-element-72b477fc\" data-id=\"72b477fc\" data-element_type=\"column\" data-e-type=\"column\">\n\t\t\t<div class=\"elementor-widget-wrap\">\n\t\t\t\t\t\t\t<\/div>\n\t\t<\/div>\n\t\t\t\t\t<\/div>\n\t\t<\/section>\n\t\t\t\t<section class=\"elementor-section elementor-top-section elementor-element elementor-element-3f4973fa elementor-section-height-min-height elementor-section-items-stretch elementor-section-boxed elementor-section-height-default\" data-id=\"3f4973fa\" data-element_type=\"section\" data-e-type=\"section\">\n\t\t\t\t\t\t<div class=\"elementor-container elementor-column-gap-default\">\n\t\t\t\t\t<div class=\"elementor-column elementor-col-100 elementor-top-column elementor-element elementor-element-3f63ea44\" data-id=\"3f63ea44\" data-element_type=\"column\" data-e-type=\"column\" data-settings=\"{&quot;background_background&quot;:&quot;classic&quot;}\">\n\t\t\t<div class=\"elementor-widget-wrap elementor-element-populated\">\n\t\t\t\t\t\t<div class=\"elementor-element elementor-element-3bf744fd elementor-widget elementor-widget-heading\" data-id=\"3bf744fd\" data-element_type=\"widget\" data-e-type=\"widget\" data-widget_type=\"heading.default\">\n\t\t\t\t<div class=\"elementor-widget-container\">\n\t\t\t\t\t<h2 class=\"elementor-heading-title elementor-size-default\">tank evo<\/h2>\t\t\t\t<\/div>\n\t\t\t\t<\/div>\n\t\t\t\t\t<\/div>\n\t\t<\/div>\n\t\t\t\t\t<\/div>\n\t\t<\/section>\n\t\t<div class=\"elementor-element elementor-element-7fc93348 e-flex e-con-boxed e-con e-parent\" data-id=\"7fc93348\" data-element_type=\"container\" data-e-type=\"container\">\n\t\t\t\t\t<div class=\"e-con-inner\">\n\t\t\t\t<div class=\"elementor-element elementor-element-3bd01326 elementor-widget elementor-widget-spacer\" data-id=\"3bd01326\" data-element_type=\"widget\" data-e-type=\"widget\" data-widget_type=\"spacer.default\">\n\t\t\t\t<div class=\"elementor-widget-container\">\n\t\t\t\t\t\t\t<div class=\"elementor-spacer\">\n\t\t\t<div class=\"elementor-spacer-inner\"><\/div>\n\t\t<\/div>\n\t\t\t\t\t\t<\/div>\n\t\t\t\t<\/div>\n\t\t\t\t\t<\/div>\n\t\t\t\t<\/div>\n\t\t<div class=\"elementor-element elementor-element-3bccf349 e-flex e-con-boxed e-con e-parent\" data-id=\"3bccf349\" data-element_type=\"container\" data-e-type=\"container\">\n\t\t\t\t\t<div class=\"e-con-inner\">\n\t\t<div class=\"elementor-element elementor-element-755dd722 e-flex e-con-boxed e-con e-child\" data-id=\"755dd722\" data-element_type=\"container\" data-e-type=\"container\">\n\t\t\t\t\t<div class=\"e-con-inner\">\n\t\t\t\t<div class=\"elementor-element elementor-element-5a3680f9 elementor-widget elementor-widget-heading\" data-id=\"5a3680f9\" data-element_type=\"widget\" data-e-type=\"widget\" data-widget_type=\"heading.default\">\n\t\t\t\t<div class=\"elementor-widget-container\">\n\t\t\t\t\t<h2 class=\"elementor-heading-title elementor-size-default\"><b>Centri di lavoro orizzontali TANK<\/b><\/h2>\t\t\t\t<\/div>\n\t\t\t\t<\/div>\n\t\t\t\t<div class=\"elementor-element elementor-element-30b950cf elementor-widget elementor-widget-heading\" data-id=\"30b950cf\" data-element_type=\"widget\" data-e-type=\"widget\" data-widget_type=\"heading.default\">\n\t\t\t\t<div class=\"elementor-widget-container\">\n\t\t\t\t\t<h4 class=\"elementor-heading-title elementor-size-default\">Grande precisione, versatilit\u00e0 e velocit\u00e0<\/h4>\t\t\t\t<\/div>\n\t\t\t\t<\/div>\n\t\t\t\t<div class=\"elementor-element elementor-element-b9ffc11 elementor-widget elementor-widget-text-editor\" data-id=\"b9ffc11\" data-element_type=\"widget\" data-e-type=\"widget\" data-widget_type=\"text-editor.default\">\n\t\t\t\t<div class=\"elementor-widget-container\">\n\t\t\t\t\t\t\t\t\t<div class=\"due_colonne_dentro\"><p>Soluzione capace di raggiungere grande precisione e velocit\u00e0, la linea TANK si sviluppa in tre taglie identificate dalla corsa dell\u2019asse X:<strong><span style=\"text-decoration: underline;\"><span style=\"color: #000000; text-decoration: underline;\"><br \/><\/span><\/span><\/strong><strong style=\"background-color: var( --e-global-color-6fbcf51 );\"><span style=\"color: #000000;\"><a style=\"color: #000000; text-decoration: underline;\" href=\"\/it\/tank-1300\/\" target=\"_blank\" rel=\"noopener\">TANK 1300<\/a>\u00a0\u2013\u00a0<a style=\"color: #000000; text-decoration: underline;\" href=\"\/it\/tank-1600\/\" target=\"_blank\" rel=\"noopener\">TANK 1600<\/a>\u00a0\u2013\u00a0<a style=\"color: #000000; text-decoration: underline;\" href=\"\/it\/tank-1900\/\" target=\"_blank\" rel=\"noopener\">TANK 1900<\/a><\/span><\/strong><span style=\"background-color: var( --e-global-color-6fbcf51 );\">, disponibili\u00a0<\/span><span style=\"background-color: var( --e-global-color-6fbcf51 );\">in diverse soluzioni: <\/span><strong style=\"background-color: var( --e-global-color-6fbcf51 );\">MONOPALLET<\/strong><span style=\"background-color: var( --e-global-color-6fbcf51 );\">,\u00a0<\/span><strong style=\"background-color: var( --e-global-color-6fbcf51 );\">BIPALLET<\/strong><span style=\"background-color: var( --e-global-color-6fbcf51 );\">,\u00a0<\/span><strong style=\"background-color: var( --e-global-color-6fbcf51 );\">MULTIPALLET <\/strong><span style=\"background-color: var( --e-global-color-6fbcf51 );\">ed <\/span><strong style=\"background-color: var( --e-global-color-6fbcf51 );\">FMS<\/strong><span style=\"background-color: var( --e-global-color-6fbcf51 );\">.<\/span><\/p><p>Ogni soluzione \u00e8 a sua volta configurabile nelle versioni a\u00a0<strong>4<\/strong>\u00a0o<strong>\u00a05<\/strong>\u00a0<strong>assi di fresatura<\/strong>, oppure\u00a0<strong>5 assi di fresatura, tornitura, rettifica e dentatura (Multitasking) con testa tilting o divisore verticale ad asse orizzontale<\/strong>.<\/p><\/div><div class=\"due_colonne_dentro\"><p>La versatilit\u00e0 della linea TANK ha permesso la realizzazione di numerosi impianti multitasking che trovano applicazione nella lavorazione di pezzi strategici e complessi per il settore Aerospace, Energy Oli &amp; Gas e Meccanica generale di precisione.<\/p><p>Come tutti i centri di lavoro MCM, anche la linea TANK pu\u00f2 rientrare nel piano\u00a0<span style=\"text-decoration: underline;\"><strong><span style=\"color: #000000;\"><a style=\"color: #000000; text-decoration: underline;\" href=\"https:\/\/www.mise.gov.it\/index.php\/it\/transizione40\" target=\"_blank\" rel=\"noopener\">Transizione 4.0<\/a><\/span><\/strong><\/span>\u00a0nonch\u00e9 beneficiare dell\u2019agevolazione\u00a0<span style=\"text-decoration: underline;\"><strong><span style=\"color: #000000;\"><a style=\"color: #000000; text-decoration: underline;\" href=\"https:\/\/www.mise.gov.it\/index.php\/it\/incentivi\/impresa\/beni-strumentali-nuova-sabatini\" target=\"_blank\" rel=\"noopener\">Beni Strumentali (Nuova Sabatini)<\/a><\/span><\/strong><\/span><\/p><\/div>\t\t\t\t\t\t\t\t<\/div>\n\t\t\t\t<\/div>\n\t\t\t\t<div class=\"elementor-element elementor-element-6d2cb035 elementor-align-right elementor-mobile-align-center elementor-tablet-align-center elementor-widget elementor-widget-button\" data-id=\"6d2cb035\" data-element_type=\"widget\" data-e-type=\"widget\" data-widget_type=\"button.default\">\n\t\t\t\t<div class=\"elementor-widget-container\">\n\t\t\t\t\t\t\t\t\t<div class=\"elementor-button-wrapper\">\n\t\t\t\t\t<a class=\"elementor-button elementor-button-link elementor-size-md\" href=\"\/it\/contatti\/#mcm\" target=\"_blank\">\n\t\t\t\t\t\t<span class=\"elementor-button-content-wrapper\">\n\t\t\t\t\t\t<span class=\"elementor-button-icon\">\n\t\t\t\t<svg aria-hidden=\"true\" class=\"e-font-icon-svg e-fas-arrow-right\" viewBox=\"0 0 448 512\" xmlns=\"http:\/\/www.w3.org\/2000\/svg\"><path d=\"M190.5 66.9l22.2-22.2c9.4-9.4 24.6-9.4 33.9 0L441 239c9.4 9.4 9.4 24.6 0 33.9L246.6 467.3c-9.4 9.4-24.6 9.4-33.9 0l-22.2-22.2c-9.5-9.5-9.3-25 .4-34.3L311.4 296H24c-13.3 0-24-10.7-24-24v-32c0-13.3 10.7-24 24-24h287.4L190.9 101.2c-9.8-9.3-10-24.8-.4-34.3z\"><\/path><\/svg>\t\t\t<\/span>\n\t\t\t\t\t\t\t\t\t<span class=\"elementor-button-text\">Richiedi una consulenza<\/span>\n\t\t\t\t\t<\/span>\n\t\t\t\t\t<\/a>\n\t\t\t\t<\/div>\n\t\t\t\t\t\t\t\t<\/div>\n\t\t\t\t<\/div>\n\t\t\t\t\t<\/div>\n\t\t\t\t<\/div>\n\t\t\t\t\t<\/div>\n\t\t\t\t<\/div>\n\t\t<div class=\"elementor-element elementor-element-0eb7704 e-flex e-con-boxed e-con e-parent\" data-id=\"0eb7704\" data-element_type=\"container\" data-e-type=\"container\">\n\t\t\t\t\t<div class=\"e-con-inner\">\n\t\t<div class=\"elementor-element elementor-element-d9b352a e-flex e-con-boxed e-con e-child\" data-id=\"d9b352a\" data-element_type=\"container\" data-e-type=\"container\">\n\t\t\t\t\t<div class=\"e-con-inner\">\n\t\t\t\t<div class=\"elementor-element elementor-element-fe02705 elementor-widget elementor-widget-heading\" data-id=\"fe02705\" data-element_type=\"widget\" data-e-type=\"widget\" data-widget_type=\"heading.default\">\n\t\t\t\t<div class=\"elementor-widget-container\">\n\t\t\t\t\t<h2 class=\"elementor-heading-title elementor-size-default\"><b>TANK 1000 EVO<\/b><\/h2>\t\t\t\t<\/div>\n\t\t\t\t<\/div>\n\t\t\t\t<div class=\"elementor-element elementor-element-cdee0fd elementor-widget elementor-widget-heading\" data-id=\"cdee0fd\" data-element_type=\"widget\" data-e-type=\"widget\" data-widget_type=\"heading.default\">\n\t\t\t\t<div class=\"elementor-widget-container\">\n\t\t\t\t\t<h4 class=\"elementor-heading-title elementor-size-default\"><b>L'inizio dell'EVOluzione della linea TANK<\/b><\/h4>\t\t\t\t<\/div>\n\t\t\t\t<\/div>\n\t\t\t\t<div class=\"elementor-element elementor-element-66a949b elementor-align-right elementor-mobile-align-center elementor-tablet-align-center elementor-widget elementor-widget-button\" data-id=\"66a949b\" data-element_type=\"widget\" data-e-type=\"widget\" data-widget_type=\"button.default\">\n\t\t\t\t<div class=\"elementor-widget-container\">\n\t\t\t\t\t\t\t\t\t<div class=\"elementor-button-wrapper\">\n\t\t\t\t\t<a class=\"elementor-button elementor-button-link elementor-size-md\" href=\"\/it\/contatti\/#mcm\" target=\"_blank\">\n\t\t\t\t\t\t<span class=\"elementor-button-content-wrapper\">\n\t\t\t\t\t\t<span class=\"elementor-button-icon\">\n\t\t\t\t<svg aria-hidden=\"true\" class=\"e-font-icon-svg e-fas-arrow-right\" viewBox=\"0 0 448 512\" xmlns=\"http:\/\/www.w3.org\/2000\/svg\"><path d=\"M190.5 66.9l22.2-22.2c9.4-9.4 24.6-9.4 33.9 0L441 239c9.4 9.4 9.4 24.6 0 33.9L246.6 467.3c-9.4 9.4-24.6 9.4-33.9 0l-22.2-22.2c-9.5-9.5-9.3-25 .4-34.3L311.4 296H24c-13.3 0-24-10.7-24-24v-32c0-13.3 10.7-24 24-24h287.4L190.9 101.2c-9.8-9.3-10-24.8-.4-34.3z\"><\/path><\/svg>\t\t\t<\/span>\n\t\t\t\t\t\t\t\t\t<span class=\"elementor-button-text\">Richiedi una consulenza<\/span>\n\t\t\t\t\t<\/span>\n\t\t\t\t\t<\/a>\n\t\t\t\t<\/div>\n\t\t\t\t\t\t\t\t<\/div>\n\t\t\t\t<\/div>\n\t\t\t\t<div class=\"elementor-element elementor-element-4d4a74c elementor-widget elementor-widget-text-editor\" data-id=\"4d4a74c\" data-element_type=\"widget\" data-e-type=\"widget\" data-widget_type=\"text-editor.default\">\n\t\t\t\t<div class=\"elementor-widget-container\">\n\t\t\t\t\t\t\t\t\t<div class=\"due_colonne_dentro\"><p>Presentato in\u00a0<em>anteprima assoluta<\/em>\u00a0durante la fiera\u00a0<strong>AMB di Stoccarda<\/strong>\u00a0e successivamente alla\u00a0<strong><span style=\"color: #000000;\">33. edizione della fiera BIMU Milano,<\/span><\/strong>\u00a0<strong>TANK 1000 EVO\u00a0<\/strong>amplia la gamma TANK, storica linea di macchine MCM, con un modello di taglia inferiore rispetto a quelli preesistenti e\u00a0<strong>segna l\u2019inizio del processo di restyling della serie TANK<\/strong>, che interesser\u00e0 via via tutti gli altri modelli.<\/p><p>Il processo che coinvolge ora la famiglia TANK va a completare il medesimo percorso\u00a0<strong>evo<\/strong>lutivo che ha interessato negli anni passati la<span style=\"text-decoration: underline;\"><strong><span style=\"color: #000000; text-decoration: underline;\">\u00a0<a style=\"color: #000000; text-decoration: underline;\" href=\"\/it\/clock-overview\/\" target=\"_blank\" rel=\"noopener\">linea CLOCK<\/a>.<\/span><\/strong><\/span><\/p><p><span style=\"text-decoration: underline;\"><strong><span style=\"color: #000000;\"><a style=\"color: #000000; text-decoration: underline;\" href=\"\/it\/tank-1000-evo\/\" target=\"_blank\" rel=\"noopener\">Tank 1000 EVO<\/a><\/span><\/strong><\/span>\u00a0amplia le possibilit\u00e0 d\u2019applicazione della famiglia Tank, mettendo cos\u00ec a disposizione dei clienti di ogni settore le capacit\u00e0 e le features che negli anni l\u2019azienda ha sviluppato per un comparto high-demanding come quello Aerospace.<\/p><\/div><div class=\"due_colonne_dentro\"><p>Le caratteristiche del nuovo centro di lavoro orizzontale aprono, infatti, a<strong>\u00a0nuove opportunit\u00e0 applicative<\/strong>\u00a0con soluzioni adatte alla\u00a0<strong>meccanica generale<\/strong>, alla<strong>\u00a0modelleria<\/strong>\u00a0e alla\u00a0<strong>stampistica<\/strong>, dove le dimensioni dei componenti e i volumi di lavoro sono pi\u00f9 contenuti, ma in cui sono richieste flessibilit\u00e0 e lavorazioni con pi\u00f9 assi coordinati in simultanea.<\/p><p>Rilevante importanza \u00e8 costituita anche dalla\u00a0<strong>riduzione ottenuta nei consumi energetici<\/strong><\/p><\/div>\t\t\t\t\t\t\t\t<\/div>\n\t\t\t\t<\/div>\n\t\t\t\t\t<\/div>\n\t\t\t\t<\/div>\n\t\t\t\t\t<\/div>\n\t\t\t\t<\/div>\n\t\t<div class=\"elementor-element elementor-element-492590d9 e-flex e-con-boxed e-con e-parent\" data-id=\"492590d9\" data-element_type=\"container\" data-e-type=\"container\">\n\t\t\t\t\t<div class=\"e-con-inner\">\n\t\t\t\t<div class=\"elementor-element elementor-element-71b14700 elementor-cta--layout-image-above elementor-cta--valign-middle elementor-widget__width-initial elementor-cta--skin-classic elementor-animated-content elementor-bg-transform elementor-bg-transform-zoom-in elementor-widget elementor-widget-call-to-action\" data-id=\"71b14700\" data-element_type=\"widget\" data-e-type=\"widget\" data-widget_type=\"call-to-action.default\">\n\t\t\t\t<div class=\"elementor-widget-container\">\n\t\t\t\t\t\t\t<a class=\"elementor-cta\" href=\"\/it\/prodotti\/centri-di-lavoro-orizzontali\/tank-evo\/t1000\/\">\n\t\t\t\t\t<div class=\"elementor-cta__bg-wrapper\">\n\t\t\t\t<div class=\"elementor-cta__bg elementor-bg\" style=\"background-image: url(\/wp-content\/uploads\/2024\/04\/TANK-1000-EVO.webp);\" role=\"img\" aria-label=\"\"><\/div>\n\t\t\t\t<div class=\"elementor-cta__bg-overlay\"><\/div>\n\t\t\t<\/div>\n\t\t\t\t\t\t\t<div class=\"elementor-cta__content\">\n\t\t\t\t\n\t\t\t\t\t\t\t\t\t<h2 class=\"elementor-cta__title elementor-cta__content-item elementor-content-item\">\n\t\t\t\t\t\t<b>TANK 1000 <span style=\"color:#2ab0ff\">EVO<\/span><\/b>\t\t\t\t\t<\/h2>\n\t\t\t\t\n\t\t\t\t\n\t\t\t\t\t\t\t<\/div>\n\t\t\t\t\t\t<\/a>\n\t\t\t\t\t\t<\/div>\n\t\t\t\t<\/div>\n\t\t\t\t<div class=\"elementor-element elementor-element-3afa6a09 elementor-cta--layout-image-above elementor-cta--valign-middle elementor-widget__width-initial elementor-widget-mobile__width-initial elementor-cta--skin-classic elementor-animated-content elementor-bg-transform elementor-bg-transform-zoom-in elementor-widget elementor-widget-call-to-action\" data-id=\"3afa6a09\" data-element_type=\"widget\" data-e-type=\"widget\" data-widget_type=\"call-to-action.default\">\n\t\t\t\t<div class=\"elementor-widget-container\">\n\t\t\t\t\t\t\t<a class=\"elementor-cta\" href=\"\/it\/tank-1300-evo\/\">\n\t\t\t\t\t<div class=\"elementor-cta__bg-wrapper\">\n\t\t\t\t<div class=\"elementor-cta__bg elementor-bg\" style=\"background-image: url(\/wp-content\/uploads\/2024\/04\/TANK-1300-1.webp);\" role=\"img\" aria-label=\"\"><\/div>\n\t\t\t\t<div class=\"elementor-cta__bg-overlay\"><\/div>\n\t\t\t<\/div>\n\t\t\t\t\t\t\t<div class=\"elementor-cta__content\">\n\t\t\t\t\n\t\t\t\t\t\t\t\t\t<h2 class=\"elementor-cta__title elementor-cta__content-item elementor-content-item\">\n\t\t\t\t\t\t<b>TANK 1300 <span style=\"color:#2ab0ff\">EVO<\/span><\/b>\t\t\t\t\t<\/h2>\n\t\t\t\t\n\t\t\t\t\n\t\t\t\t\t\t\t<\/div>\n\t\t\t\t\t\t<\/a>\n\t\t\t\t\t\t<\/div>\n\t\t\t\t<\/div>\n\t\t\t\t<div class=\"elementor-element elementor-element-1416f044 elementor-cta--layout-image-above elementor-cta--valign-middle elementor-widget__width-initial elementor-cta--skin-classic elementor-animated-content elementor-bg-transform elementor-bg-transform-zoom-in elementor-widget elementor-widget-call-to-action\" data-id=\"1416f044\" data-element_type=\"widget\" data-e-type=\"widget\" data-widget_type=\"call-to-action.default\">\n\t\t\t\t<div class=\"elementor-widget-container\">\n\t\t\t\t\t\t\t<a class=\"elementor-cta\" href=\"\/it\/tank-1600-evo\/\">\n\t\t\t\t\t<div class=\"elementor-cta__bg-wrapper\">\n\t\t\t\t<div class=\"elementor-cta__bg elementor-bg\" style=\"background-image: url(\/wp-content\/uploads\/2024\/04\/TANK-1600.webp);\" role=\"img\" aria-label=\"\"><\/div>\n\t\t\t\t<div class=\"elementor-cta__bg-overlay\"><\/div>\n\t\t\t<\/div>\n\t\t\t\t\t\t\t<div class=\"elementor-cta__content\">\n\t\t\t\t\n\t\t\t\t\t\t\t\t\t<h2 class=\"elementor-cta__title elementor-cta__content-item elementor-content-item\">\n\t\t\t\t\t\t<b>TANK 1600 <span style=\"color:#2ab0ff\">EVO<\/span><\/b>\t\t\t\t\t<\/h2>\n\t\t\t\t\n\t\t\t\t\n\t\t\t\t\t\t\t<\/div>\n\t\t\t\t\t\t<\/a>\n\t\t\t\t\t\t<\/div>\n\t\t\t\t<\/div>\n\t\t\t\t<div class=\"elementor-element elementor-element-348f943 elementor-cta--layout-image-above elementor-cta--valign-middle elementor-widget__width-initial elementor-cta--skin-classic elementor-animated-content elementor-bg-transform elementor-bg-transform-zoom-in elementor-widget elementor-widget-call-to-action\" data-id=\"348f943\" data-element_type=\"widget\" data-e-type=\"widget\" data-widget_type=\"call-to-action.default\">\n\t\t\t\t<div class=\"elementor-widget-container\">\n\t\t\t\t\t\t\t<a class=\"elementor-cta\" href=\"\/it\/tank-1900-evo\/\">\n\t\t\t\t\t<div class=\"elementor-cta__bg-wrapper\">\n\t\t\t\t<div class=\"elementor-cta__bg elementor-bg\" style=\"background-image: url(\/wp-content\/uploads\/2024\/04\/TANK-1900-scaled.webp);\" role=\"img\" aria-label=\"\"><\/div>\n\t\t\t\t<div class=\"elementor-cta__bg-overlay\"><\/div>\n\t\t\t<\/div>\n\t\t\t\t\t\t\t<div class=\"elementor-cta__content\">\n\t\t\t\t\n\t\t\t\t\t\t\t\t\t<h2 class=\"elementor-cta__title elementor-cta__content-item elementor-content-item\">\n\t\t\t\t\t\t<b>TANK 1900 <span style=\"color:#2ab0ff\">EVO<\/span><\/b>\t\t\t\t\t<\/h2>\n\t\t\t\t\n\t\t\t\t\n\t\t\t\t\t\t\t<\/div>\n\t\t\t\t\t\t<\/a>\n\t\t\t\t\t\t<\/div>\n\t\t\t\t<\/div>\n\t\t\t\t\t<\/div>\n\t\t\t\t<\/div>\n\t\t<div class=\"elementor-element elementor-element-1f0ee224 e-flex e-con-boxed e-con e-parent\" data-id=\"1f0ee224\" data-element_type=\"container\" data-e-type=\"container\">\n\t\t\t\t\t<div class=\"e-con-inner\">\n\t\t\t\t<div class=\"elementor-element elementor-element-8b7086b elementor-widget elementor-widget-spacer\" data-id=\"8b7086b\" data-element_type=\"widget\" data-e-type=\"widget\" data-widget_type=\"spacer.default\">\n\t\t\t\t<div class=\"elementor-widget-container\">\n\t\t\t\t\t\t\t<div class=\"elementor-spacer\">\n\t\t\t<div class=\"elementor-spacer-inner\"><\/div>\n\t\t<\/div>\n\t\t\t\t\t\t<\/div>\n\t\t\t\t<\/div>\n\t\t\t\t\t<\/div>\n\t\t\t\t<\/div>\n\t\t\t\t<\/div>\n\t\t","protected":false},"excerpt":{"rendered":"<p>tank evo Centri di lavoro orizzontali TANK Grande precisione, versatilit\u00e0 e velocit\u00e0 Soluzione capace di raggiungere grande precisione e velocit\u00e0, la linea TANK si sviluppa in tre taglie identificate dalla corsa dell\u2019asse X:TANK 1300\u00a0\u2013\u00a0TANK 1600\u00a0\u2013\u00a0TANK 1900, disponibili\u00a0in diverse soluzioni: MONOPALLET,\u00a0BIPALLET,\u00a0MULTIPALLET ed FMS. Ogni soluzione \u00e8 a sua volta configurabile nelle versioni a\u00a04\u00a0o\u00a05\u00a0assi di fresatura, oppure\u00a05 [&hellip;]<\/p>\n","protected":false},"author":2,"featured_media":0,"parent":6170,"menu_order":0,"comment_status":"closed","ping_status":"closed","template":"","meta":{"footnotes":""},"class_list":["post-6291","page","type-page","status-publish","hentry"],"_links":{"self":[{"href":"https:\/\/staging.mcm-group.com\/it\/wp-json\/wp\/v2\/pages\/6291","targetHints":{"allow":["GET"]}}],"collection":[{"href":"https:\/\/staging.mcm-group.com\/it\/wp-json\/wp\/v2\/pages"}],"about":[{"href":"https:\/\/staging.mcm-group.com\/it\/wp-json\/wp\/v2\/types\/page"}],"author":[{"embeddable":true,"href":"https:\/\/staging.mcm-group.com\/it\/wp-json\/wp\/v2\/users\/2"}],"replies":[{"embeddable":true,"href":"https:\/\/staging.mcm-group.com\/it\/wp-json\/wp\/v2\/comments?post=6291"}],"version-history":[{"count":113,"href":"https:\/\/staging.mcm-group.com\/it\/wp-json\/wp\/v2\/pages\/6291\/revisions"}],"predecessor-version":[{"id":13844,"href":"https:\/\/staging.mcm-group.com\/it\/wp-json\/wp\/v2\/pages\/6291\/revisions\/13844"}],"up":[{"embeddable":true,"href":"https:\/\/staging.mcm-group.com\/it\/wp-json\/wp\/v2\/pages\/6170"}],"wp:attachment":[{"href":"https:\/\/staging.mcm-group.com\/it\/wp-json\/wp\/v2\/media?parent=6291"}],"curies":[{"name":"wp","href":"https:\/\/api.w.org\/{rel}","templated":true}]}}