{"id":5067,"date":"2023-11-07T09:36:25","date_gmt":"2023-11-07T09:36:25","guid":{"rendered":"https:\/\/staging.mcm-group.com\/?page_id=5067"},"modified":"2024-04-11T14:21:00","modified_gmt":"2024-04-11T14:21:00","slug":"politica-per-la-qualita","status":"publish","type":"page","link":"https:\/\/staging.mcm-group.com\/it\/politica-per-la-qualita\/","title":{"rendered":"Politica per la qualit\u00e0"},"content":{"rendered":"\t\t<div data-elementor-type=\"wp-page\" data-elementor-id=\"5067\" class=\"elementor elementor-5067\" data-elementor-post-type=\"page\">\n\t\t\t\t\t\t<section class=\"elementor-section elementor-top-section elementor-element elementor-element-aed6e27 elementor-section-height-min-height elementor-section-boxed elementor-section-height-default elementor-section-items-middle\" data-id=\"aed6e27\" data-element_type=\"section\" data-e-type=\"section\" data-settings=\"{&quot;background_background&quot;:&quot;classic&quot;}\">\n\t\t\t\t\t\t\t<div class=\"elementor-background-overlay\"><\/div>\n\t\t\t\t\t\t\t<div class=\"elementor-container elementor-column-gap-default\">\n\t\t\t\t\t<div class=\"elementor-column elementor-col-100 elementor-top-column elementor-element elementor-element-f6244fd\" data-id=\"f6244fd\" data-element_type=\"column\" data-e-type=\"column\">\n\t\t\t<div class=\"elementor-widget-wrap\">\n\t\t\t\t\t\t\t<\/div>\n\t\t<\/div>\n\t\t\t\t\t<\/div>\n\t\t<\/section>\n\t\t\t\t<section class=\"elementor-section elementor-top-section elementor-element elementor-element-c17cd43 elementor-section-height-min-height elementor-section-items-stretch elementor-section-boxed elementor-section-height-default\" data-id=\"c17cd43\" data-element_type=\"section\" data-e-type=\"section\">\n\t\t\t\t\t\t<div class=\"elementor-container elementor-column-gap-default\">\n\t\t\t\t\t<div class=\"elementor-column elementor-col-100 elementor-top-column elementor-element elementor-element-aeaa4a8\" data-id=\"aeaa4a8\" data-element_type=\"column\" data-e-type=\"column\" data-settings=\"{&quot;background_background&quot;:&quot;classic&quot;}\">\n\t\t\t<div class=\"elementor-widget-wrap elementor-element-populated\">\n\t\t\t\t\t\t<div class=\"elementor-element elementor-element-238ae29 elementor-widget elementor-widget-heading\" data-id=\"238ae29\" data-element_type=\"widget\" data-e-type=\"widget\" data-widget_type=\"heading.default\">\n\t\t\t\t<div class=\"elementor-widget-container\">\n\t\t\t\t\t<h1 class=\"elementor-heading-title elementor-size-default\">Politica per la qualit\u00e0<\/h1>\t\t\t\t<\/div>\n\t\t\t\t<\/div>\n\t\t\t\t\t<\/div>\n\t\t<\/div>\n\t\t\t\t\t<\/div>\n\t\t<\/section>\n\t\t<div class=\"elementor-element elementor-element-d9ccc4e e-flex e-con-boxed e-con e-parent\" data-id=\"d9ccc4e\" data-element_type=\"container\" data-e-type=\"container\">\n\t\t\t\t\t<div class=\"e-con-inner\">\n\t\t\t\t<div class=\"elementor-element elementor-element-9d50939 elementor-widget elementor-widget-spacer\" data-id=\"9d50939\" data-element_type=\"widget\" data-e-type=\"widget\" data-widget_type=\"spacer.default\">\n\t\t\t\t<div class=\"elementor-widget-container\">\n\t\t\t\t\t\t\t<div class=\"elementor-spacer\">\n\t\t\t<div class=\"elementor-spacer-inner\"><\/div>\n\t\t<\/div>\n\t\t\t\t\t\t<\/div>\n\t\t\t\t<\/div>\n\t\t\t\t<div class=\"elementor-element elementor-element-fc48855 elementor-widget elementor-widget-text-editor\" data-id=\"fc48855\" data-element_type=\"widget\" data-e-type=\"widget\" data-widget_type=\"text-editor.default\">\n\t\t\t\t<div class=\"elementor-widget-container\">\n\t\t\t\t\t\t\t\t\t<p><strong><span style=\"color: #004c97;\">Introduzione\u00a0<\/span><\/strong><\/p><p>Nata nel 1978 vicino a Piacenza, MCM Machining Centers Manufacturing \u00e8 annoverata fra i leader mondiali nella progettazione e realizzazione di centri di lavoro di elevata precisione e dinamica, integrabili in sistemi flessibili di lavorazione concepiti sulla base di specifiche esigenze del cliente. Fin dalla sua costituzione l\u2019azienda ha ottenuto riconoscimenti sui mercati di tutto il mondo, in particolare nei settori Aerospace, Automotive, Industrial, Energia, Oil&amp;Gas e Difesa.<\/p><p>Il forte radicamento nel contesto dei costruttori italiani di macchine utensili, unitamente al costante rapporto con scuole, universit\u00e0 e istituti di ricerca hanno consentito, e consentiranno, all\u2019azienda uno sviluppo di competenze e specializzazioni professionali direttamente riscontrabili nell\u2019eccellenza del livello delle proprie realizzazioni.<\/p><p>Le politiche di sviluppo, le dimensioni e l\u2019organizzazione aziendale sono focalizzate sulla capacit\u00e0 di proporre al cliente soluzioni che ne soddisfino le esigenze e che la identifichino come partner completo e affidabile.<\/p><p><strong><span style=\"color: #004c97;\">I nostri valori<\/span><\/strong><\/p><p>Attenzione al cliente, capacit\u00e0 di ascolto, reale e diffusa partnership sono i valori che hanno permesso a MCM di generare nel tempo una capacit\u00e0 progettuale, tecnologica e realizzativa che trova riscontro nell\u2019ampia gamma di linee di prodotto, tutte caratterizzate dalla predominanza di know-how sviluppati all\u2019interno dell\u2019azienda. La ricchezza fondamentale di MCM risiede nelle doti professionali ed umane delle persone che vi operano. E\u2019 nelle loro capacit\u00e0 ed esperienza che si preservano e sviluppano il patrimonio culturale e l\u2019identit\u00e0 aziendale. Il processo di formazione continua testimonia la centralit\u00e0 della risorsa umana come valore rilevante.<\/p><p>La trasversalit\u00e0 e la complementarit\u00e0 delle competenze del personale MCM e la completa padronanza del prodotto consentono di progettare, costruire e ottimizzare tutti i sistemi e componenti principali installati sulle macchine.<\/p><p>Il bagaglio tecnico complessivo di MCM, la propensione all\u2019innovazione, la profonda conoscenza di processi e tecnologie sono messi a disposizione degli utilizzatori facendo si che il rapporto con il cliente generi un virtuoso interscambio di conoscenze, con un mutuo arricchimento.<\/p><p>MCM promuove costantemente collaborazioni con universit\u00e0, istituti tecnici, centri di ricerca internazionali e consorzi per lo sviluppo tecnologico. Il fine \u00e8 creare competenze, indispensabili allo sviluppo di prodotti, processi e servizi sempre pi\u00f9 integrati nei contesti industriali avanzati.<\/p><p><strong><span style=\"color: #004c97;\">Obiettivi<\/span><\/strong><\/p><p>MCM S.p.A. ha scelto di implementare un sistema organizzativo integrato, che regoli tutte le attivit\u00e0 aziendali, con il nucleo costituito dal Sistema di Gestione per la Qualit\u00e0, con la base costituita norme UNI EN ISO 9001 e completato da requisiti ulteriori definiti autonomamente. Il sistema sar\u00e0 completato dal recepimento di ulteriori requisiti attinenti al rispetto dell\u2019ambiente, della sicurezza sui luoghi di lavoro e la salute, la piena aderenza delle attivit\u00e0 con i requisiti cogenti, la garanzia della disciplina sulla responsabilit\u00e0 amministrativa, la salvaguardia della propriet\u00e0 intellettuale, la gestione economica e finanziaria. L\u2019obiettivo \u00e8 la creazione di un modello organizzativo ai vertici del settore in cui opera, capace di misurare e migliorare in modo continuativo le prestazioni aziendali e di conseguenza il rapporto con i clienti, i dipendenti, i fornitori e tutte le parti interessate.<\/p><p>Questo \u00e8 un percorso strategico, non di breve durata, ambizioso, che deve essere concepito ed implementato con un impegno costante di tutti. Le attivit\u00e0 di audit interne e le attivit\u00e0 di riesame della direzione, strumenti che la norma ISO prevede per gestire l\u2019evoluzione e la manutenzione del sistema qualit\u00e0, saranno utilizzate per garantire il miglioramento costantemente.<\/p><p>In linea con questi principi, la presente Politica definisce gli indirizzi generali aziendali per l\u2019attuazione del sistema organizzativo aziendale, in particolare il Sistema di Gestione di Qualit\u00e0.<\/p><p>I principali specifici obiettivi sono:<\/p><ul><li>Adottare e mantenere un efficace Sistema di Gestione per la Qualit\u00e0, avvalendosi delle attivit\u00e0 di audit atte a misurare l\u2019attuazione e l\u2019efficacia del Sistema di Gestione di Qualit\u00e0, assicurando l\u2019adozione di eventuali azioni correttive.<\/li><li>Ottimizzare i processi aziendali, correggendo le non conformit\u00e0 di prodotto, processo, sistema e migliorando le complessive performances aziendali.<\/li><li>Promuovere modelli di comportamento corretti per ridurre i rischi correlati alle attivit\u00e0 svolte.<\/li><li>Rafforzare il livello di competenza e professionalit\u00e0 del personale attraverso periodiche attivit\u00e0 di formazione.<\/li><li>Definire e diffondere la documentazione necessaria a supportare il funzionamento dei processi aziendali, rendendoli maggiormente efficaci ed efficienti.<\/li><li>Rendere consapevoli i dipendenti, e quindi motivati, riguardo la rilevanza delle proprie attivit\u00e0 e il modo in cui queste contribuiscono alla concretizzazione degli obiettivi aziendali.<\/li><li>Rafforzare il rapporto con le organizzazioni esterne interessante, in particolare i clienti, aumentando il loro livello di soddisfazione e superando sistematicamente le loro aspettative.<\/li><li>Applicare un approccio orientato alla prevenzione delle anomalie per ogni processo.<\/li><li>Garantire livelli di Qualit\u00e0 crescenti e prestazioni sempre migliori.<\/li><\/ul><p>La presente politica \u00e8 comunicata, compresa e disponibile internamente all\u2019organizzazione tramite pubblicazione sul portale documentale e affissione sulla bacheca aziendale. Esternamente \u00e8 accessibile a tutte le parti interessate tramite il sito web dell\u2019azienda <span style=\"color: #2ab0ff;\"><a style=\"color: #2ab0ff;\" href=\"https:\/\/www.mcm-group.com\/\">www.mcm-group.com<\/a><\/span><\/p><p>Rev.00, 02\/09\/2019<\/p><p style=\"text-align: right;\">MCM S.p.A.<\/p><p style=\"text-align: right;\">L\u2019Amministratore Delegato<\/p><p style=\"text-align: right;\">Ing. Gian Luca Giovanelli<\/p>\t\t\t\t\t\t\t\t<\/div>\n\t\t\t\t<\/div>\n\t\t\t\t\t<\/div>\n\t\t\t\t<\/div>\n\t\t<div class=\"elementor-element elementor-element-2e64ad1 e-flex e-con-boxed e-con e-parent\" data-id=\"2e64ad1\" data-element_type=\"container\" data-e-type=\"container\">\n\t\t\t\t\t<div class=\"e-con-inner\">\n\t\t\t\t<div class=\"elementor-element elementor-element-5655755 elementor-align-start elementor-widget__width-inherit elementor-icon-list--layout-traditional elementor-list-item-link-full_width elementor-widget elementor-widget-icon-list\" data-id=\"5655755\" data-element_type=\"widget\" data-e-type=\"widget\" data-widget_type=\"icon-list.default\">\n\t\t\t\t<div class=\"elementor-widget-container\">\n\t\t\t\t\t\t\t<ul class=\"elementor-icon-list-items\">\n\t\t\t\t\t\t\t<li class=\"elementor-icon-list-item\">\n\t\t\t\t\t\t\t\t\t\t\t<a href=\"\/wp-content\/uploads\/2023\/11\/PoliticaQualitaMCM.pdf-2.pdf\" target=\"_blank\">\n\n\t\t\t\t\t\t\t\t\t\t\t\t<span class=\"elementor-icon-list-icon\">\n\t\t\t\t\t\t\t<svg aria-hidden=\"true\" class=\"e-font-icon-svg e-far-file-pdf\" viewBox=\"0 0 384 512\" xmlns=\"http:\/\/www.w3.org\/2000\/svg\"><path d=\"M369.9 97.9L286 14C277 5 264.8-.1 252.1-.1H48C21.5 0 0 21.5 0 48v416c0 26.5 21.5 48 48 48h288c26.5 0 48-21.5 48-48V131.9c0-12.7-5.1-25-14.1-34zM332.1 128H256V51.9l76.1 76.1zM48 464V48h160v104c0 13.3 10.7 24 24 24h104v288H48zm250.2-143.7c-12.2-12-47-8.7-64.4-6.5-17.2-10.5-28.7-25-36.8-46.3 3.9-16.1 10.1-40.6 5.4-56-4.2-26.2-37.8-23.6-42.6-5.9-4.4 16.1-.4 38.5 7 67.1-10 23.9-24.9 56-35.4 74.4-20 10.3-47 26.2-51 46.2-3.3 15.8 26 55.2 76.1-31.2 22.4-7.4 46.8-16.5 68.4-20.1 18.9 10.2 41 17 55.8 17 25.5 0 28-28.2 17.5-38.7zm-198.1 77.8c5.1-13.7 24.5-29.5 30.4-35-19 30.3-30.4 35.7-30.4 35zm81.6-190.6c7.4 0 6.7 32.1 1.8 40.8-4.4-13.9-4.3-40.8-1.8-40.8zm-24.4 136.6c9.7-16.9 18-37 24.7-54.7 8.3 15.1 18.9 27.2 30.1 35.5-20.8 4.3-38.9 13.1-54.8 19.2zm131.6-5s-5 6-37.3-7.8c35.1-2.6 40.9 5.4 37.3 7.8z\"><\/path><\/svg>\t\t\t\t\t\t<\/span>\n\t\t\t\t\t\t\t\t\t\t<span class=\"elementor-icon-list-text\">Clicca qui per scaricare il PDF della comunicazione<\/span>\n\t\t\t\t\t\t\t\t\t\t\t<\/a>\n\t\t\t\t\t\t\t\t\t<\/li>\n\t\t\t\t\t\t\t\t<li class=\"elementor-icon-list-item\">\n\t\t\t\t\t\t\t\t\t\t\t<a href=\"\/wp-content\/uploads\/2023\/11\/ISO-9001-10000323717-MSC-ACCREDIA-ITA_2023-2026_IT.pdf\" target=\"_blank\">\n\n\t\t\t\t\t\t\t\t\t\t\t\t<span class=\"elementor-icon-list-icon\">\n\t\t\t\t\t\t\t<svg aria-hidden=\"true\" class=\"e-font-icon-svg e-far-file-pdf\" viewBox=\"0 0 384 512\" xmlns=\"http:\/\/www.w3.org\/2000\/svg\"><path d=\"M369.9 97.9L286 14C277 5 264.8-.1 252.1-.1H48C21.5 0 0 21.5 0 48v416c0 26.5 21.5 48 48 48h288c26.5 0 48-21.5 48-48V131.9c0-12.7-5.1-25-14.1-34zM332.1 128H256V51.9l76.1 76.1zM48 464V48h160v104c0 13.3 10.7 24 24 24h104v288H48zm250.2-143.7c-12.2-12-47-8.7-64.4-6.5-17.2-10.5-28.7-25-36.8-46.3 3.9-16.1 10.1-40.6 5.4-56-4.2-26.2-37.8-23.6-42.6-5.9-4.4 16.1-.4 38.5 7 67.1-10 23.9-24.9 56-35.4 74.4-20 10.3-47 26.2-51 46.2-3.3 15.8 26 55.2 76.1-31.2 22.4-7.4 46.8-16.5 68.4-20.1 18.9 10.2 41 17 55.8 17 25.5 0 28-28.2 17.5-38.7zm-198.1 77.8c5.1-13.7 24.5-29.5 30.4-35-19 30.3-30.4 35.7-30.4 35zm81.6-190.6c7.4 0 6.7 32.1 1.8 40.8-4.4-13.9-4.3-40.8-1.8-40.8zm-24.4 136.6c9.7-16.9 18-37 24.7-54.7 8.3 15.1 18.9 27.2 30.1 35.5-20.8 4.3-38.9 13.1-54.8 19.2zm131.6-5s-5 6-37.3-7.8c35.1-2.6 40.9 5.4 37.3 7.8z\"><\/path><\/svg>\t\t\t\t\t\t<\/span>\n\t\t\t\t\t\t\t\t\t\t<span class=\"elementor-icon-list-text\"> Certificazione ISO 90001:2015<\/span>\n\t\t\t\t\t\t\t\t\t\t\t<\/a>\n\t\t\t\t\t\t\t\t\t<\/li>\n\t\t\t\t\t\t<\/ul>\n\t\t\t\t\t\t<\/div>\n\t\t\t\t<\/div>\n\t\t\t\t\t<\/div>\n\t\t\t\t<\/div>\n\t\t<div class=\"elementor-element elementor-element-772241d e-flex e-con-boxed e-con e-parent\" data-id=\"772241d\" data-element_type=\"container\" data-e-type=\"container\">\n\t\t\t\t\t<div class=\"e-con-inner\">\n\t\t\t\t<div class=\"elementor-element elementor-element-0ee7e02 elementor-widget elementor-widget-spacer\" data-id=\"0ee7e02\" data-element_type=\"widget\" data-e-type=\"widget\" data-widget_type=\"spacer.default\">\n\t\t\t\t<div class=\"elementor-widget-container\">\n\t\t\t\t\t\t\t<div class=\"elementor-spacer\">\n\t\t\t<div class=\"elementor-spacer-inner\"><\/div>\n\t\t<\/div>\n\t\t\t\t\t\t<\/div>\n\t\t\t\t<\/div>\n\t\t\t\t\t<\/div>\n\t\t\t\t<\/div>\n\t\t\t\t<\/div>\n\t\t","protected":false},"excerpt":{"rendered":"<p>Politica per la qualit\u00e0 Introduzione\u00a0 Nata nel 1978 vicino a Piacenza, MCM Machining Centers Manufacturing \u00e8 annoverata fra i leader mondiali nella progettazione e realizzazione di centri di lavoro di elevata precisione e dinamica, integrabili in sistemi flessibili di lavorazione concepiti sulla base di specifiche esigenze del cliente. Fin dalla sua costituzione l\u2019azienda ha ottenuto [&hellip;]<\/p>\n","protected":false},"author":2,"featured_media":0,"parent":0,"menu_order":0,"comment_status":"closed","ping_status":"closed","template":"","meta":{"footnotes":""},"class_list":["post-5067","page","type-page","status-publish","hentry"],"_links":{"self":[{"href":"https:\/\/staging.mcm-group.com\/it\/wp-json\/wp\/v2\/pages\/5067","targetHints":{"allow":["GET"]}}],"collection":[{"href":"https:\/\/staging.mcm-group.com\/it\/wp-json\/wp\/v2\/pages"}],"about":[{"href":"https:\/\/staging.mcm-group.com\/it\/wp-json\/wp\/v2\/types\/page"}],"author":[{"embeddable":true,"href":"https:\/\/staging.mcm-group.com\/it\/wp-json\/wp\/v2\/users\/2"}],"replies":[{"embeddable":true,"href":"https:\/\/staging.mcm-group.com\/it\/wp-json\/wp\/v2\/comments?post=5067"}],"version-history":[{"count":56,"href":"https:\/\/staging.mcm-group.com\/it\/wp-json\/wp\/v2\/pages\/5067\/revisions"}],"predecessor-version":[{"id":10321,"href":"https:\/\/staging.mcm-group.com\/it\/wp-json\/wp\/v2\/pages\/5067\/revisions\/10321"}],"wp:attachment":[{"href":"https:\/\/staging.mcm-group.com\/it\/wp-json\/wp\/v2\/media?parent=5067"}],"curies":[{"name":"wp","href":"https:\/\/api.w.org\/{rel}","templated":true}]}}