{"id":13868,"date":"2023-05-17T14:32:16","date_gmt":"2023-05-17T14:32:16","guid":{"rendered":"https:\/\/staging.mcm-group.com\/mcm-machining-centers-manufacturing\/"},"modified":"2025-05-19T10:05:36","modified_gmt":"2025-05-19T10:05:36","slug":"mcm-machining-centers-manufacturing","status":"publish","type":"page","link":"https:\/\/staging.mcm-group.com\/fr\/mcm-machining-centers-manufacturing\/","title":{"rendered":"MCM | Machining Centers Manufacturing"},"content":{"rendered":"\t\t<div data-elementor-type=\"wp-page\" data-elementor-id=\"13868\" class=\"elementor elementor-13868 elementor-579\" data-elementor-post-type=\"page\">\n\t\t\t\t\t\t<section class=\"elementor-section elementor-top-section elementor-element elementor-element-1616baef elementor-section-height-min-height elementor-section-boxed elementor-section-height-default elementor-section-items-middle\" data-id=\"1616baef\" data-element_type=\"section\" data-e-type=\"section\" data-settings=\"{&quot;background_background&quot;:&quot;classic&quot;}\">\n\t\t\t\t\t\t\t<div class=\"elementor-background-overlay\"><\/div>\n\t\t\t\t\t\t\t<div class=\"elementor-container elementor-column-gap-default\">\n\t\t\t\t\t<div class=\"elementor-column elementor-col-100 elementor-top-column elementor-element elementor-element-19b6b401\" data-id=\"19b6b401\" data-element_type=\"column\" data-e-type=\"column\" data-settings=\"{&quot;background_background&quot;:&quot;classic&quot;}\">\n\t\t\t<div class=\"elementor-widget-wrap\">\n\t\t\t\t\t\t\t<\/div>\n\t\t<\/div>\n\t\t\t\t\t<\/div>\n\t\t<\/section>\n\t\t\t\t<section class=\"elementor-section elementor-top-section elementor-element elementor-element-6796c8d8 elementor-section-height-min-height elementor-section-items-stretch elementor-section-boxed elementor-section-height-default\" data-id=\"6796c8d8\" data-element_type=\"section\" data-e-type=\"section\">\n\t\t\t\t\t\t<div class=\"elementor-container elementor-column-gap-default\">\n\t\t\t\t\t<div class=\"elementor-column elementor-col-100 elementor-top-column elementor-element elementor-element-3a63147b\" data-id=\"3a63147b\" data-element_type=\"column\" data-e-type=\"column\" data-settings=\"{&quot;background_background&quot;:&quot;classic&quot;}\">\n\t\t\t<div class=\"elementor-widget-wrap elementor-element-populated\">\n\t\t\t\t\t\t<div class=\"elementor-element elementor-element-49c2ce33 elementor-widget elementor-widget-heading\" data-id=\"49c2ce33\" data-element_type=\"widget\" data-e-type=\"widget\" data-widget_type=\"heading.default\">\n\t\t\t\t<div class=\"elementor-widget-container\">\n\t\t\t\t\t<h1 class=\"elementor-heading-title elementor-size-default\">Machining Centers manufacturing<\/h1>\t\t\t\t<\/div>\n\t\t\t\t<\/div>\n\t\t\t\t\t<\/div>\n\t\t<\/div>\n\t\t\t\t\t<\/div>\n\t\t<\/section>\n\t\t<div class=\"elementor-element elementor-element-61da3b15 e-flex e-con-boxed e-con e-parent\" data-id=\"61da3b15\" data-element_type=\"container\" data-e-type=\"container\">\n\t\t\t\t\t<div class=\"e-con-inner\">\n\t\t<div class=\"elementor-element elementor-element-b843b98 e-con-full e-flex e-con e-child\" data-id=\"b843b98\" data-element_type=\"container\" data-e-type=\"container\">\n\t\t\t\t<div class=\"elementor-element elementor-element-67e39ec4 elementor-widget elementor-widget-spacer\" data-id=\"67e39ec4\" data-element_type=\"widget\" data-e-type=\"widget\" data-widget_type=\"spacer.default\">\n\t\t\t\t<div class=\"elementor-widget-container\">\n\t\t\t\t\t\t\t<div class=\"elementor-spacer\">\n\t\t\t<div class=\"elementor-spacer-inner\"><\/div>\n\t\t<\/div>\n\t\t\t\t\t\t<\/div>\n\t\t\t\t<\/div>\n\t\t\t\t<\/div>\n\t\t\t\t\t<\/div>\n\t\t\t\t<\/div>\n\t\t<div class=\"elementor-element elementor-element-1167ee21 e-flex e-con-boxed e-con e-parent\" data-id=\"1167ee21\" data-element_type=\"container\" data-e-type=\"container\">\n\t\t\t\t\t<div class=\"e-con-inner\">\n\t\t\t\t<div class=\"elementor-element elementor-element-619759b5 elementor-widget elementor-widget-spacer\" data-id=\"619759b5\" data-element_type=\"widget\" data-e-type=\"widget\" data-widget_type=\"spacer.default\">\n\t\t\t\t<div class=\"elementor-widget-container\">\n\t\t\t\t\t\t\t<div class=\"elementor-spacer\">\n\t\t\t<div class=\"elementor-spacer-inner\"><\/div>\n\t\t<\/div>\n\t\t\t\t\t\t<\/div>\n\t\t\t\t<\/div>\n\t\t\t\t\t<\/div>\n\t\t\t\t<\/div>\n\t\t<div class=\"elementor-element elementor-element-367ac06e e-flex e-con-boxed e-con e-parent\" data-id=\"367ac06e\" data-element_type=\"container\" data-e-type=\"container\">\n\t\t\t\t\t<div class=\"e-con-inner\">\n\t\t<div class=\"elementor-element elementor-element-56d2eacb e-con-full e-flex e-con e-child\" data-id=\"56d2eacb\" data-element_type=\"container\" data-e-type=\"container\" data-settings=\"{&quot;background_background&quot;:&quot;classic&quot;}\">\n\t\t\t\t<div class=\"elementor-element elementor-element-1bb1b50f elementor-widget__width-initial elementor-widget-mobile__width-auto elementor-hidden-desktop elementor-widget elementor-widget-image\" data-id=\"1bb1b50f\" data-element_type=\"widget\" data-e-type=\"widget\" data-widget_type=\"image.default\">\n\t\t\t\t<div class=\"elementor-widget-container\">\n\t\t\t\t\t\t\t\t\t\t\t\t\t\t\t<img decoding=\"async\" src=\"\/wp-content\/uploads\/2024\/04\/19_MCM-CLOCK800EVO-scaled-1.webp\" title=\"\" alt=\"\" loading=\"lazy\" \/>\t\t\t\t\t\t\t\t\t\t\t\t\t\t\t<\/div>\n\t\t\t\t<\/div>\n\t\t\t\t<div class=\"elementor-element elementor-element-2ca2a083 elementor-widget elementor-widget-text-editor\" data-id=\"2ca2a083\" data-element_type=\"widget\" data-e-type=\"widget\" data-widget_type=\"text-editor.default\">\n\t\t\t\t<div class=\"elementor-widget-container\">\n\t\t\t\t\t\t\t\t\t\nMCM repr\u00e9sente l\u2019union parfaite entre histoire et innovation. Ses points forts sont la recherche continue, les comp\u00e9tences transversales d\u00e9velopp\u00e9es sur le terrain, la capacit\u00e9 \u00e0 identifier des solutions sp\u00e9cifiques pour chaque besoin de production.\n\nSi afferma in tutti i settori applicativi e presso i protagonisti di <b>Aerospace<\/b>, <b>Automotive<\/b>, <b>Energia<\/b>, <b>Componentistica <\/b>e <b>Meccanica generale<\/b>.\t\t\t\t\t\t\t\t<\/div>\n\t\t\t\t<\/div>\n\t\t\t\t<\/div>\n\t\t<div class=\"elementor-element elementor-element-73399468 e-con-full elementor-hidden-tablet elementor-hidden-mobile e-flex e-con e-child\" data-id=\"73399468\" data-element_type=\"container\" data-e-type=\"container\" data-settings=\"{&quot;background_background&quot;:&quot;classic&quot;}\">\n\t\t\t\t<\/div>\n\t\t\t\t\t<\/div>\n\t\t\t\t<\/div>\n\t\t<div class=\"elementor-element elementor-element-55071ee8 e-flex e-con-boxed e-con e-parent\" data-id=\"55071ee8\" data-element_type=\"container\" data-e-type=\"container\">\n\t\t\t\t\t<div class=\"e-con-inner\">\n\t\t\t\t<div class=\"elementor-element elementor-element-302a746a elementor-widget elementor-widget-spacer\" data-id=\"302a746a\" data-element_type=\"widget\" data-e-type=\"widget\" data-widget_type=\"spacer.default\">\n\t\t\t\t<div class=\"elementor-widget-container\">\n\t\t\t\t\t\t\t<div class=\"elementor-spacer\">\n\t\t\t<div class=\"elementor-spacer-inner\"><\/div>\n\t\t<\/div>\n\t\t\t\t\t\t<\/div>\n\t\t\t\t<\/div>\n\t\t\t\t\t<\/div>\n\t\t\t\t<\/div>\n\t\t<div class=\"elementor-element elementor-element-1572b749 e-flex e-con-boxed e-con e-parent\" data-id=\"1572b749\" data-element_type=\"container\" data-e-type=\"container\">\n\t\t\t\t\t<div class=\"e-con-inner\">\n\t\t<div class=\"elementor-element elementor-element-56a8e522 e-con-full e-flex e-con e-child\" data-id=\"56a8e522\" data-element_type=\"container\" data-e-type=\"container\" data-settings=\"{&quot;background_background&quot;:&quot;classic&quot;}\">\n\t\t\t\t<div class=\"elementor-element elementor-element-22f7fa76 elementor-widget__width-initial elementor-widget-mobile__width-auto elementor-hidden-desktop elementor-widget elementor-widget-image\" data-id=\"22f7fa76\" data-element_type=\"widget\" data-e-type=\"widget\" data-widget_type=\"image.default\">\n\t\t\t\t<div class=\"elementor-widget-container\">\n\t\t\t\t\t\t\t\t\t\t\t\t\t\t\t<img decoding=\"async\" src=\"\/wp-content\/uploads\/2024\/02\/20200624_MCM-0002-Modifica_web.webp\" title=\"\" alt=\"\" loading=\"lazy\" \/>\t\t\t\t\t\t\t\t\t\t\t\t\t\t\t<\/div>\n\t\t\t\t<\/div>\n\t\t\t\t<div class=\"elementor-element elementor-element-e1a20f elementor-widget elementor-widget-text-editor\" data-id=\"e1a20f\" data-element_type=\"widget\" data-e-type=\"widget\" data-widget_type=\"text-editor.default\">\n\t\t\t\t<div class=\"elementor-widget-container\">\n\t\t\t\t\t\t\t\t\tLe savoir-faire consolid\u00e9 a permis \u00e0 MCM de g\u00e9n\u00e9rer au fil du temps une capacit\u00e9 de conception, technologique et d&rsquo;ex\u00e9cution qui se refl\u00e8te dans sa <a href=\"https:\/\/staging.mcm-group.com\/it\/prodotti\/\"><strong><span style=\"color: #2ab0ff;\"><b>gamma strutturata di prodotti e servizi<\/b>.<\/span><\/strong><\/a>\n\nLe client peut faire confiance \u00e0 MCM en tant que partenaire <b>unique capable <\/b>de fournir aussi bien des centres d&rsquo;usinage individuels que des syst\u00e8mes de production flexibles (<b>FMS<\/b>) complets, en int\u00e9grant des processus et des technologies compl\u00e9mentaires de tiers. Cela cr\u00e9e un v\u00e9ritable <b>partenariat<\/b> avec le client, qui profite d\u2019une solution technologique compl\u00e8te. \t\t\t\t\t\t\t\t<\/div>\n\t\t\t\t<\/div>\n\t\t\t\t<\/div>\n\t\t<div class=\"elementor-element elementor-element-361278a7 e-con-full elementor-hidden-tablet elementor-hidden-mobile e-flex e-con e-child\" data-id=\"361278a7\" data-element_type=\"container\" data-e-type=\"container\" data-settings=\"{&quot;background_background&quot;:&quot;classic&quot;}\">\n\t\t\t\t<\/div>\n\t\t\t\t\t<\/div>\n\t\t\t\t<\/div>\n\t\t<div class=\"elementor-element elementor-element-bce6031 e-flex e-con-boxed e-con e-parent\" data-id=\"bce6031\" data-element_type=\"container\" data-e-type=\"container\">\n\t\t\t\t\t<div class=\"e-con-inner\">\n\t\t\t\t<div class=\"elementor-element elementor-element-5b632af2 elementor-widget elementor-widget-spacer\" data-id=\"5b632af2\" data-element_type=\"widget\" data-e-type=\"widget\" data-widget_type=\"spacer.default\">\n\t\t\t\t<div class=\"elementor-widget-container\">\n\t\t\t\t\t\t\t<div class=\"elementor-spacer\">\n\t\t\t<div class=\"elementor-spacer-inner\"><\/div>\n\t\t<\/div>\n\t\t\t\t\t\t<\/div>\n\t\t\t\t<\/div>\n\t\t\t\t\t<\/div>\n\t\t\t\t<\/div>\n\t\t<div class=\"elementor-element elementor-element-16c4583 e-flex e-con-boxed e-con e-parent\" data-id=\"16c4583\" data-element_type=\"container\" data-e-type=\"container\">\n\t\t\t\t\t<div class=\"e-con-inner\">\n\t\t<div class=\"elementor-element elementor-element-13f400c5 e-con-full e-flex e-con e-child\" data-id=\"13f400c5\" data-element_type=\"container\" data-e-type=\"container\" data-settings=\"{&quot;background_background&quot;:&quot;classic&quot;}\">\n\t\t\t\t<div class=\"elementor-element elementor-element-64f8065a elementor-widget__width-initial elementor-widget-mobile__width-auto elementor-hidden-desktop elementor-widget elementor-widget-image\" data-id=\"64f8065a\" data-element_type=\"widget\" data-e-type=\"widget\" data-widget_type=\"image.default\">\n\t\t\t\t<div class=\"elementor-widget-container\">\n\t\t\t\t\t\t\t\t\t\t\t\t\t\t\t<img decoding=\"async\" src=\"\/wp-content\/uploads\/2024\/04\/IMG-4135-scaled-1.webp\" title=\"\" alt=\"\" loading=\"lazy\" \/>\t\t\t\t\t\t\t\t\t\t\t\t\t\t\t<\/div>\n\t\t\t\t<\/div>\n\t\t\t\t<div class=\"elementor-element elementor-element-22416f0f elementor-widget elementor-widget-text-editor\" data-id=\"22416f0f\" data-element_type=\"widget\" data-e-type=\"widget\" data-widget_type=\"text-editor.default\">\n\t\t\t\t<div class=\"elementor-widget-container\">\n\t\t\t\t\t\t\t\t\t<p>Il costante impegno nella partecipazione attiva ai progetti di <b>ricerca <\/b>e <b>innovazione tecnologica<\/b>, insieme alla stretta collaborazione con <b>universit\u00e0 <\/b>e <b>centri di ricerca<\/b>, sono elementi fondanti dei processi di crescita delle competenze aziendali. L&rsquo;engagement constant dans la participation active \u00e0 des projets de recherche scientifique et d&rsquo;innovation technologique, ainsi que la collaboration \u00e9troite avec des universit\u00e9s et des centres de recherche, sont des \u00e9l\u00e9ments fondamentaux du processus de d\u00e9veloppement des comp\u00e9tences de l&rsquo;entreprise.<\/p>\n\t\t\t\t\t\t\t\t<\/div>\n\t\t\t\t<\/div>\n\t\t\t\t<\/div>\n\t\t<div class=\"elementor-element elementor-element-75382085 e-con-full elementor-hidden-tablet elementor-hidden-mobile e-flex e-con e-child\" data-id=\"75382085\" data-element_type=\"container\" data-e-type=\"container\" data-settings=\"{&quot;background_background&quot;:&quot;classic&quot;}\">\n\t\t\t\t<\/div>\n\t\t\t\t\t<\/div>\n\t\t\t\t<\/div>\n\t\t<div class=\"elementor-element elementor-element-7039e4c0 e-flex e-con-boxed e-con e-parent\" data-id=\"7039e4c0\" data-element_type=\"container\" data-e-type=\"container\">\n\t\t\t\t\t<div class=\"e-con-inner\">\n\t\t\t\t<div class=\"elementor-element elementor-element-51c1c6a3 elementor-widget elementor-widget-spacer\" data-id=\"51c1c6a3\" data-element_type=\"widget\" data-e-type=\"widget\" data-widget_type=\"spacer.default\">\n\t\t\t\t<div class=\"elementor-widget-container\">\n\t\t\t\t\t\t\t<div class=\"elementor-spacer\">\n\t\t\t<div class=\"elementor-spacer-inner\"><\/div>\n\t\t<\/div>\n\t\t\t\t\t\t<\/div>\n\t\t\t\t<\/div>\n\t\t\t\t\t<\/div>\n\t\t\t\t<\/div>\n\t\t<div class=\"elementor-element elementor-element-1573099a e-flex e-con-boxed e-con e-parent\" data-id=\"1573099a\" data-element_type=\"container\" data-e-type=\"container\">\n\t\t\t\t\t<div class=\"e-con-inner\">\n\t\t<div class=\"elementor-element elementor-element-377c5724 e-con-full e-flex e-con e-child\" data-id=\"377c5724\" data-element_type=\"container\" data-e-type=\"container\" data-settings=\"{&quot;background_background&quot;:&quot;classic&quot;}\">\n\t\t\t\t<div class=\"elementor-element elementor-element-134019bb elementor-widget__width-initial elementor-widget-mobile__width-auto elementor-hidden-desktop elementor-widget elementor-widget-image\" data-id=\"134019bb\" data-element_type=\"widget\" data-e-type=\"widget\" data-widget_type=\"image.default\">\n\t\t\t\t<div class=\"elementor-widget-container\">\n\t\t\t\t\t\t\t\t\t\t\t\t\t\t\t<img decoding=\"async\" src=\"\/wp-content\/uploads\/2024\/04\/MCM-FRANCE.webp\" title=\"\" alt=\"\" loading=\"lazy\" \/>\t\t\t\t\t\t\t\t\t\t\t\t\t\t\t<\/div>\n\t\t\t\t<\/div>\n\t\t\t\t<div class=\"elementor-element elementor-element-2bd1551c elementor-widget elementor-widget-text-editor\" data-id=\"2bd1551c\" data-element_type=\"widget\" data-e-type=\"widget\" data-widget_type=\"text-editor.default\">\n\t\t\t\t<div class=\"elementor-widget-container\">\n\t\t\t\t\t\t\t\t\t<p>MCM oggi opera attraverso tre siti produttivi nel distretto piacentino e a livello <b>internazionale <\/b>attraverso le sue filiali dirette in <b>Francia<\/b>, <b>Germania<\/b>, <b>Spagna<\/b>, <b>USA <\/b>e <b>Cina<\/b>, oltre a partnership operative in tutto il mondo. Aujourd&rsquo;hui, MCM op\u00e8re \u00e0 travers deux sites de production dans la r\u00e9gion de Piacenza et au niveau international \u00e0 travers ses filiales directes en France, en Allemagne, en Espagne, aux \u00c9tats-Unis et en Chine, ainsi que des partenariats de service op\u00e9rationnels dans le monde entier.<\/p>\n\t\t\t\t\t\t\t\t<\/div>\n\t\t\t\t<\/div>\n\t\t\t\t<\/div>\n\t\t<div class=\"elementor-element elementor-element-3287f807 e-con-full elementor-hidden-tablet elementor-hidden-mobile e-flex e-con e-child\" data-id=\"3287f807\" data-element_type=\"container\" data-e-type=\"container\" data-settings=\"{&quot;background_background&quot;:&quot;classic&quot;}\">\n\t\t\t\t<\/div>\n\t\t\t\t\t<\/div>\n\t\t\t\t<\/div>\n\t\t<div class=\"elementor-element elementor-element-22eaa863 e-flex e-con-boxed e-con e-parent\" data-id=\"22eaa863\" data-element_type=\"container\" data-e-type=\"container\">\n\t\t\t\t\t<div class=\"e-con-inner\">\n\t\t\t\t<div class=\"elementor-element elementor-element-45b82368 elementor-widget elementor-widget-spacer\" data-id=\"45b82368\" data-element_type=\"widget\" data-e-type=\"widget\" data-widget_type=\"spacer.default\">\n\t\t\t\t<div class=\"elementor-widget-container\">\n\t\t\t\t\t\t\t<div class=\"elementor-spacer\">\n\t\t\t<div class=\"elementor-spacer-inner\"><\/div>\n\t\t<\/div>\n\t\t\t\t\t\t<\/div>\n\t\t\t\t<\/div>\n\t\t\t\t\t<\/div>\n\t\t\t\t<\/div>\n\t\t\t\t<\/div>\n\t\t","protected":false},"excerpt":{"rendered":"<p>Machining Centers manufacturing MCM repr\u00e9sente l\u2019union parfaite entre histoire et innovation. Ses points forts sont la recherche continue, les comp\u00e9tences transversales d\u00e9velopp\u00e9es sur le terrain, la capacit\u00e9 \u00e0 identifier des solutions sp\u00e9cifiques pour chaque besoin de production. Si afferma in tutti i settori applicativi e presso i protagonisti di Aerospace, Automotive, Energia, Componentistica e Meccanica [&hellip;]<\/p>\n","protected":false},"author":2,"featured_media":0,"parent":0,"menu_order":0,"comment_status":"closed","ping_status":"closed","template":"","meta":{"footnotes":""},"class_list":["post-13868","page","type-page","status-publish","hentry"],"_links":{"self":[{"href":"https:\/\/staging.mcm-group.com\/fr\/wp-json\/wp\/v2\/pages\/13868","targetHints":{"allow":["GET"]}}],"collection":[{"href":"https:\/\/staging.mcm-group.com\/fr\/wp-json\/wp\/v2\/pages"}],"about":[{"href":"https:\/\/staging.mcm-group.com\/fr\/wp-json\/wp\/v2\/types\/page"}],"author":[{"embeddable":true,"href":"https:\/\/staging.mcm-group.com\/fr\/wp-json\/wp\/v2\/users\/2"}],"replies":[{"embeddable":true,"href":"https:\/\/staging.mcm-group.com\/fr\/wp-json\/wp\/v2\/comments?post=13868"}],"version-history":[{"count":1,"href":"https:\/\/staging.mcm-group.com\/fr\/wp-json\/wp\/v2\/pages\/13868\/revisions"}],"predecessor-version":[{"id":13869,"href":"https:\/\/staging.mcm-group.com\/fr\/wp-json\/wp\/v2\/pages\/13868\/revisions\/13869"}],"wp:attachment":[{"href":"https:\/\/staging.mcm-group.com\/fr\/wp-json\/wp\/v2\/media?parent=13868"}],"curies":[{"name":"wp","href":"https:\/\/api.w.org\/{rel}","templated":true}]}}