{"id":13740,"date":"2023-05-17T14:32:16","date_gmt":"2023-05-17T14:32:16","guid":{"rendered":"https:\/\/staging.mcm-group.com\/mcm-machining-centers-manufacturing\/"},"modified":"2024-09-06T12:22:07","modified_gmt":"2024-09-06T12:22:07","slug":"mcm-machining-centers-manufacturing","status":"publish","type":"page","link":"https:\/\/staging.mcm-group.com\/de\/mcm-machining-centers-manufacturing\/","title":{"rendered":"MCM | Machining Centers Manufacturing"},"content":{"rendered":"\t\t<div data-elementor-type=\"wp-page\" data-elementor-id=\"13740\" class=\"elementor elementor-13740 elementor-579\" data-elementor-post-type=\"page\">\n\t\t\t\t\t\t<section class=\"elementor-section elementor-top-section elementor-element elementor-element-1616baef elementor-section-height-min-height elementor-section-boxed elementor-section-height-default elementor-section-items-middle\" data-id=\"1616baef\" data-element_type=\"section\" data-e-type=\"section\" data-settings=\"{&quot;background_background&quot;:&quot;classic&quot;}\">\n\t\t\t\t\t\t\t<div class=\"elementor-background-overlay\"><\/div>\n\t\t\t\t\t\t\t<div class=\"elementor-container elementor-column-gap-default\">\n\t\t\t\t\t<div class=\"elementor-column elementor-col-100 elementor-top-column elementor-element elementor-element-19b6b401\" data-id=\"19b6b401\" data-element_type=\"column\" data-e-type=\"column\" data-settings=\"{&quot;background_background&quot;:&quot;classic&quot;}\">\n\t\t\t<div class=\"elementor-widget-wrap\">\n\t\t\t\t\t\t\t<\/div>\n\t\t<\/div>\n\t\t\t\t\t<\/div>\n\t\t<\/section>\n\t\t\t\t<section class=\"elementor-section elementor-top-section elementor-element elementor-element-6796c8d8 elementor-section-height-min-height elementor-section-items-stretch elementor-section-boxed elementor-section-height-default\" data-id=\"6796c8d8\" data-element_type=\"section\" data-e-type=\"section\">\n\t\t\t\t\t\t<div class=\"elementor-container elementor-column-gap-default\">\n\t\t\t\t\t<div class=\"elementor-column elementor-col-100 elementor-top-column elementor-element elementor-element-3a63147b\" data-id=\"3a63147b\" data-element_type=\"column\" data-e-type=\"column\" data-settings=\"{&quot;background_background&quot;:&quot;classic&quot;}\">\n\t\t\t<div class=\"elementor-widget-wrap elementor-element-populated\">\n\t\t\t\t\t\t<div class=\"elementor-element elementor-element-49c2ce33 elementor-widget elementor-widget-heading\" data-id=\"49c2ce33\" data-element_type=\"widget\" data-e-type=\"widget\" data-widget_type=\"heading.default\">\n\t\t\t\t<div class=\"elementor-widget-container\">\n\t\t\t\t\t<h1 class=\"elementor-heading-title elementor-size-default\">Machining Centers manufacturing<\/h1>\t\t\t\t<\/div>\n\t\t\t\t<\/div>\n\t\t\t\t\t<\/div>\n\t\t<\/div>\n\t\t\t\t\t<\/div>\n\t\t<\/section>\n\t\t<div class=\"elementor-element elementor-element-61da3b15 e-flex e-con-boxed e-con e-parent\" data-id=\"61da3b15\" data-element_type=\"container\" data-e-type=\"container\">\n\t\t\t\t\t<div class=\"e-con-inner\">\n\t\t<div class=\"elementor-element elementor-element-b843b98 e-con-full e-flex e-con e-child\" data-id=\"b843b98\" data-element_type=\"container\" data-e-type=\"container\">\n\t\t\t\t<div class=\"elementor-element elementor-element-67e39ec4 elementor-widget elementor-widget-spacer\" data-id=\"67e39ec4\" data-element_type=\"widget\" data-e-type=\"widget\" data-widget_type=\"spacer.default\">\n\t\t\t\t<div class=\"elementor-widget-container\">\n\t\t\t\t\t\t\t<div class=\"elementor-spacer\">\n\t\t\t<div class=\"elementor-spacer-inner\"><\/div>\n\t\t<\/div>\n\t\t\t\t\t\t<\/div>\n\t\t\t\t<\/div>\n\t\t\t\t<\/div>\n\t\t\t\t\t<\/div>\n\t\t\t\t<\/div>\n\t\t<div class=\"elementor-element elementor-element-1167ee21 e-flex e-con-boxed e-con e-parent\" data-id=\"1167ee21\" data-element_type=\"container\" data-e-type=\"container\">\n\t\t\t\t\t<div class=\"e-con-inner\">\n\t\t\t\t<div class=\"elementor-element elementor-element-619759b5 elementor-widget elementor-widget-spacer\" data-id=\"619759b5\" data-element_type=\"widget\" data-e-type=\"widget\" data-widget_type=\"spacer.default\">\n\t\t\t\t<div class=\"elementor-widget-container\">\n\t\t\t\t\t\t\t<div class=\"elementor-spacer\">\n\t\t\t<div class=\"elementor-spacer-inner\"><\/div>\n\t\t<\/div>\n\t\t\t\t\t\t<\/div>\n\t\t\t\t<\/div>\n\t\t\t\t\t<\/div>\n\t\t\t\t<\/div>\n\t\t<div class=\"elementor-element elementor-element-367ac06e e-flex e-con-boxed e-con e-parent\" data-id=\"367ac06e\" data-element_type=\"container\" data-e-type=\"container\">\n\t\t\t\t\t<div class=\"e-con-inner\">\n\t\t<div class=\"elementor-element elementor-element-56d2eacb e-con-full e-flex e-con e-child\" data-id=\"56d2eacb\" data-element_type=\"container\" data-e-type=\"container\" data-settings=\"{&quot;background_background&quot;:&quot;classic&quot;}\">\n\t\t\t\t<div class=\"elementor-element elementor-element-1bb1b50f elementor-widget__width-initial elementor-widget-mobile__width-auto elementor-hidden-desktop elementor-widget elementor-widget-image\" data-id=\"1bb1b50f\" data-element_type=\"widget\" data-e-type=\"widget\" data-widget_type=\"image.default\">\n\t\t\t\t<div class=\"elementor-widget-container\">\n\t\t\t\t\t\t\t\t\t\t\t\t\t\t\t<img decoding=\"async\" src=\"\/wp-content\/uploads\/2024\/04\/19_MCM-CLOCK800EVO-scaled-1.webp\" title=\"\" alt=\"\" loading=\"lazy\" \/>\t\t\t\t\t\t\t\t\t\t\t\t\t\t\t<\/div>\n\t\t\t\t<\/div>\n\t\t\t\t<div class=\"elementor-element elementor-element-2ca2a083 elementor-widget elementor-widget-text-editor\" data-id=\"2ca2a083\" data-element_type=\"widget\" data-e-type=\"widget\" data-widget_type=\"text-editor.default\">\n\t\t\t\t<div class=\"elementor-widget-container\">\n\t\t\t\t\t\t\t\t\t MCM ist die perfekte Kombination aus Geschichte und Innovation. Seine St\u00e4rken sind die kontinuierliche Innovation, die im Laufe der Zeit entwickelten \u00fcbergreifenden Kompetenzen und die F\u00e4higkeit, spezifische und angemessene L\u00f6sungen f\u00fcr jede Produktionsanforderung zu finden. MCM behauptet sich in allen Anwendungsbereichen und bei den f\u00fchrenden Unternehmen des <b>Flugzeugbaus<\/b>, <b>des Automobilbaus<\/b>, <b>der Energiewirtshcaft<\/b>, <b>der Industriebereich<\/b> and <b>des allgemeinen Maschinenbaus<\/b>.  \t\t\t\t\t\t\t\t<\/div>\n\t\t\t\t<\/div>\n\t\t\t\t<\/div>\n\t\t<div class=\"elementor-element elementor-element-73399468 e-con-full elementor-hidden-tablet elementor-hidden-mobile e-flex e-con e-child\" data-id=\"73399468\" data-element_type=\"container\" data-e-type=\"container\" data-settings=\"{&quot;background_background&quot;:&quot;classic&quot;}\">\n\t\t\t\t<\/div>\n\t\t\t\t\t<\/div>\n\t\t\t\t<\/div>\n\t\t<div class=\"elementor-element elementor-element-55071ee8 e-flex e-con-boxed e-con e-parent\" data-id=\"55071ee8\" data-element_type=\"container\" data-e-type=\"container\">\n\t\t\t\t\t<div class=\"e-con-inner\">\n\t\t\t\t<div class=\"elementor-element elementor-element-302a746a elementor-widget elementor-widget-spacer\" data-id=\"302a746a\" data-element_type=\"widget\" data-e-type=\"widget\" data-widget_type=\"spacer.default\">\n\t\t\t\t<div class=\"elementor-widget-container\">\n\t\t\t\t\t\t\t<div class=\"elementor-spacer\">\n\t\t\t<div class=\"elementor-spacer-inner\"><\/div>\n\t\t<\/div>\n\t\t\t\t\t\t<\/div>\n\t\t\t\t<\/div>\n\t\t\t\t\t<\/div>\n\t\t\t\t<\/div>\n\t\t<div class=\"elementor-element elementor-element-1572b749 e-flex e-con-boxed e-con e-parent\" data-id=\"1572b749\" data-element_type=\"container\" data-e-type=\"container\">\n\t\t\t\t\t<div class=\"e-con-inner\">\n\t\t<div class=\"elementor-element elementor-element-56a8e522 e-con-full e-flex e-con e-child\" data-id=\"56a8e522\" data-element_type=\"container\" data-e-type=\"container\" data-settings=\"{&quot;background_background&quot;:&quot;classic&quot;}\">\n\t\t\t\t<div class=\"elementor-element elementor-element-22f7fa76 elementor-widget__width-initial elementor-widget-mobile__width-auto elementor-hidden-desktop elementor-widget elementor-widget-image\" data-id=\"22f7fa76\" data-element_type=\"widget\" data-e-type=\"widget\" data-widget_type=\"image.default\">\n\t\t\t\t<div class=\"elementor-widget-container\">\n\t\t\t\t\t\t\t\t\t\t\t\t\t\t\t<img decoding=\"async\" src=\"\/wp-content\/uploads\/2024\/02\/20200624_MCM-0002-Modifica_web.webp\" title=\"\" alt=\"\" loading=\"lazy\" \/>\t\t\t\t\t\t\t\t\t\t\t\t\t\t\t<\/div>\n\t\t\t\t<\/div>\n\t\t\t\t<div class=\"elementor-element elementor-element-e1a20f elementor-widget elementor-widget-text-editor\" data-id=\"e1a20f\" data-element_type=\"widget\" data-e-type=\"widget\" data-widget_type=\"text-editor.default\">\n\t\t\t\t<div class=\"elementor-widget-container\">\n\t\t\t\t\t\t\t\t\t<p>Das gefestigte Know-How hat es MCM erm\u00f6glicht, im Laufe der Zeit eine Planungs- Technologie- und Ausf\u00fchrungsf\u00e4higkeit zu entwickeln, die sich in <a href=\"https:\/\/staging.mcm-group.com\/it\/prodotti\/\"><span style=\"color: #0f1d29;\"><b style=\"font-weight: bold;\">ihrem strukturierten Produkt- und Dienstleistungsangebot <\/b>wiederspiegelt.<\/span><\/a><\/p><p>Der Kunde kann sich auf einen <b>einzigen Partner\u00a0<\/b>verlassen, der in der Lage ist, von einem einzigen Bearbeitungszentrum bis hin zu kompletten flexiblen Fertigungssystemen (<b>FFS<\/b>) zu liefern und dabei sogar erg\u00e4nzende Verfahren und Technologien von Dritten zu integrieren.<\/p>\t\t\t\t\t\t\t\t<\/div>\n\t\t\t\t<\/div>\n\t\t\t\t<\/div>\n\t\t<div class=\"elementor-element elementor-element-361278a7 e-con-full elementor-hidden-tablet elementor-hidden-mobile e-flex e-con e-child\" data-id=\"361278a7\" data-element_type=\"container\" data-e-type=\"container\" data-settings=\"{&quot;background_background&quot;:&quot;classic&quot;}\">\n\t\t\t\t<\/div>\n\t\t\t\t\t<\/div>\n\t\t\t\t<\/div>\n\t\t<div class=\"elementor-element elementor-element-bce6031 e-flex e-con-boxed e-con e-parent\" data-id=\"bce6031\" data-element_type=\"container\" data-e-type=\"container\">\n\t\t\t\t\t<div class=\"e-con-inner\">\n\t\t\t\t<div class=\"elementor-element elementor-element-5b632af2 elementor-widget elementor-widget-spacer\" data-id=\"5b632af2\" data-element_type=\"widget\" data-e-type=\"widget\" data-widget_type=\"spacer.default\">\n\t\t\t\t<div class=\"elementor-widget-container\">\n\t\t\t\t\t\t\t<div class=\"elementor-spacer\">\n\t\t\t<div class=\"elementor-spacer-inner\"><\/div>\n\t\t<\/div>\n\t\t\t\t\t\t<\/div>\n\t\t\t\t<\/div>\n\t\t\t\t\t<\/div>\n\t\t\t\t<\/div>\n\t\t<div class=\"elementor-element elementor-element-16c4583 e-flex e-con-boxed e-con e-parent\" data-id=\"16c4583\" data-element_type=\"container\" data-e-type=\"container\">\n\t\t\t\t\t<div class=\"e-con-inner\">\n\t\t<div class=\"elementor-element elementor-element-13f400c5 e-con-full e-flex e-con e-child\" data-id=\"13f400c5\" data-element_type=\"container\" data-e-type=\"container\" data-settings=\"{&quot;background_background&quot;:&quot;classic&quot;}\">\n\t\t\t\t<div class=\"elementor-element elementor-element-64f8065a elementor-widget__width-initial elementor-widget-mobile__width-auto elementor-hidden-desktop elementor-widget elementor-widget-image\" data-id=\"64f8065a\" data-element_type=\"widget\" data-e-type=\"widget\" data-widget_type=\"image.default\">\n\t\t\t\t<div class=\"elementor-widget-container\">\n\t\t\t\t\t\t\t\t\t\t\t\t\t\t\t<img decoding=\"async\" src=\"\/wp-content\/uploads\/2024\/04\/IMG-4135-scaled-1.webp\" title=\"\" alt=\"\" loading=\"lazy\" \/>\t\t\t\t\t\t\t\t\t\t\t\t\t\t\t<\/div>\n\t\t\t\t<\/div>\n\t\t\t\t<div class=\"elementor-element elementor-element-22416f0f elementor-widget elementor-widget-text-editor\" data-id=\"22416f0f\" data-element_type=\"widget\" data-e-type=\"widget\" data-widget_type=\"text-editor.default\">\n\t\t\t\t<div class=\"elementor-widget-container\">\n\t\t\t\t\t\t\t\t\t<p>Die konstante und aktive Beteiligung an technologischen <b>Forschungs-<\/b> und <b>Innovationsprojekten<\/b> sowie die enge Zusammenarbeit mit <b>Universit\u00e4ten<\/b>&nbsp;und <b>Forschungszentren <\/b>tragen ma\u00dfgeblich zur Vergr\u00f6\u00dferung der betrieblichen Kompetenzen bei.<\/p>\t\t\t\t\t\t\t\t<\/div>\n\t\t\t\t<\/div>\n\t\t\t\t<\/div>\n\t\t<div class=\"elementor-element elementor-element-75382085 e-con-full elementor-hidden-tablet elementor-hidden-mobile e-flex e-con e-child\" data-id=\"75382085\" data-element_type=\"container\" data-e-type=\"container\" data-settings=\"{&quot;background_background&quot;:&quot;classic&quot;}\">\n\t\t\t\t<\/div>\n\t\t\t\t\t<\/div>\n\t\t\t\t<\/div>\n\t\t<div class=\"elementor-element elementor-element-7039e4c0 e-flex e-con-boxed e-con e-parent\" data-id=\"7039e4c0\" data-element_type=\"container\" data-e-type=\"container\">\n\t\t\t\t\t<div class=\"e-con-inner\">\n\t\t\t\t<div class=\"elementor-element elementor-element-51c1c6a3 elementor-widget elementor-widget-spacer\" data-id=\"51c1c6a3\" data-element_type=\"widget\" data-e-type=\"widget\" data-widget_type=\"spacer.default\">\n\t\t\t\t<div class=\"elementor-widget-container\">\n\t\t\t\t\t\t\t<div class=\"elementor-spacer\">\n\t\t\t<div class=\"elementor-spacer-inner\"><\/div>\n\t\t<\/div>\n\t\t\t\t\t\t<\/div>\n\t\t\t\t<\/div>\n\t\t\t\t\t<\/div>\n\t\t\t\t<\/div>\n\t\t<div class=\"elementor-element elementor-element-1573099a e-flex e-con-boxed e-con e-parent\" data-id=\"1573099a\" data-element_type=\"container\" data-e-type=\"container\">\n\t\t\t\t\t<div class=\"e-con-inner\">\n\t\t<div class=\"elementor-element elementor-element-377c5724 e-con-full e-flex e-con e-child\" data-id=\"377c5724\" data-element_type=\"container\" data-e-type=\"container\" data-settings=\"{&quot;background_background&quot;:&quot;classic&quot;}\">\n\t\t\t\t<div class=\"elementor-element elementor-element-134019bb elementor-widget__width-initial elementor-widget-mobile__width-auto elementor-hidden-desktop elementor-widget elementor-widget-image\" data-id=\"134019bb\" data-element_type=\"widget\" data-e-type=\"widget\" data-widget_type=\"image.default\">\n\t\t\t\t<div class=\"elementor-widget-container\">\n\t\t\t\t\t\t\t\t\t\t\t\t\t\t\t<img decoding=\"async\" src=\"\/wp-content\/uploads\/2024\/04\/MCM-FRANCE.webp\" title=\"\" alt=\"\" loading=\"lazy\" \/>\t\t\t\t\t\t\t\t\t\t\t\t\t\t\t<\/div>\n\t\t\t\t<\/div>\n\t\t\t\t<div class=\"elementor-element elementor-element-2bd1551c elementor-widget elementor-widget-text-editor\" data-id=\"2bd1551c\" data-element_type=\"widget\" data-e-type=\"widget\" data-widget_type=\"text-editor.default\">\n\t\t\t\t<div class=\"elementor-widget-container\">\n\t\t\t\t\t\t\t\t\t<p>MCM operiert \u00fcber 3 Produktionsst\u00e4tten im Bereich von Piacenza und auf <b>internationaler<\/b> Ebene \u00fcber seine direkten Tochtergesellschaften in <b>Frankreich<\/b>, <b>Deutschland<\/b>, <b>Spanien<\/b>, <b>den USA,<\/b> <b>China<\/b>, und au\u00dferdem weitere operative Partnerschaften auf der ganzen Welt.<\/p>\n\t\t\t\t\t\t\t\t<\/div>\n\t\t\t\t<\/div>\n\t\t\t\t<\/div>\n\t\t<div class=\"elementor-element elementor-element-3287f807 e-con-full elementor-hidden-tablet elementor-hidden-mobile e-flex e-con e-child\" data-id=\"3287f807\" data-element_type=\"container\" data-e-type=\"container\" data-settings=\"{&quot;background_background&quot;:&quot;classic&quot;}\">\n\t\t\t\t<\/div>\n\t\t\t\t\t<\/div>\n\t\t\t\t<\/div>\n\t\t<div class=\"elementor-element elementor-element-22eaa863 e-flex e-con-boxed e-con e-parent\" data-id=\"22eaa863\" data-element_type=\"container\" data-e-type=\"container\">\n\t\t\t\t\t<div class=\"e-con-inner\">\n\t\t\t\t<div class=\"elementor-element elementor-element-45b82368 elementor-widget elementor-widget-spacer\" data-id=\"45b82368\" data-element_type=\"widget\" data-e-type=\"widget\" data-widget_type=\"spacer.default\">\n\t\t\t\t<div class=\"elementor-widget-container\">\n\t\t\t\t\t\t\t<div class=\"elementor-spacer\">\n\t\t\t<div class=\"elementor-spacer-inner\"><\/div>\n\t\t<\/div>\n\t\t\t\t\t\t<\/div>\n\t\t\t\t<\/div>\n\t\t\t\t\t<\/div>\n\t\t\t\t<\/div>\n\t\t\t\t<\/div>\n\t\t","protected":false},"excerpt":{"rendered":"<p>Machining Centers manufacturing MCM ist die perfekte Kombination aus Geschichte und Innovation. Seine St\u00e4rken sind die kontinuierliche Innovation, die im Laufe der Zeit entwickelten \u00fcbergreifenden Kompetenzen und die F\u00e4higkeit, spezifische und angemessene L\u00f6sungen f\u00fcr jede Produktionsanforderung zu finden. MCM behauptet sich in allen Anwendungsbereichen und bei den f\u00fchrenden Unternehmen des Flugzeugbaus, des Automobilbaus, der Energiewirtshcaft, [&hellip;]<\/p>\n","protected":false},"author":3,"featured_media":0,"parent":0,"menu_order":0,"comment_status":"closed","ping_status":"closed","template":"","meta":{"footnotes":""},"class_list":["post-13740","page","type-page","status-publish","hentry"],"_links":{"self":[{"href":"https:\/\/staging.mcm-group.com\/de\/wp-json\/wp\/v2\/pages\/13740","targetHints":{"allow":["GET"]}}],"collection":[{"href":"https:\/\/staging.mcm-group.com\/de\/wp-json\/wp\/v2\/pages"}],"about":[{"href":"https:\/\/staging.mcm-group.com\/de\/wp-json\/wp\/v2\/types\/page"}],"author":[{"embeddable":true,"href":"https:\/\/staging.mcm-group.com\/de\/wp-json\/wp\/v2\/users\/3"}],"replies":[{"embeddable":true,"href":"https:\/\/staging.mcm-group.com\/de\/wp-json\/wp\/v2\/comments?post=13740"}],"version-history":[{"count":6,"href":"https:\/\/staging.mcm-group.com\/de\/wp-json\/wp\/v2\/pages\/13740\/revisions"}],"predecessor-version":[{"id":13746,"href":"https:\/\/staging.mcm-group.com\/de\/wp-json\/wp\/v2\/pages\/13740\/revisions\/13746"}],"wp:attachment":[{"href":"https:\/\/staging.mcm-group.com\/de\/wp-json\/wp\/v2\/media?parent=13740"}],"curies":[{"name":"wp","href":"https:\/\/api.w.org\/{rel}","templated":true}]}}